{"id":1041,"date":"2025-03-18T01:14:22","date_gmt":"2025-03-18T01:14:22","guid":{"rendered":"https:\/\/24hdinamica.com\/dinamica\/?post_type=product&#038;p=1041"},"modified":"2025-06-19T15:03:09","modified_gmt":"2025-06-19T15:03:09","slug":"osciloscopio-digital-dso138-de-24-pulgadas-sonda-de-pantalla-tft-lcd-con-clip-de-prueba-caja-acrilica-kit-de-bricolaje","status":"publish","type":"product","link":"https:\/\/24hdinamica.com\/dinamica\/producto\/osciloscopio-digital-dso138-de-24-pulgadas-sonda-de-pantalla-tft-lcd-con-clip-de-prueba-caja-acrilica-kit-de-bricolaje\/","title":{"rendered":"Osciloscopio Digital DSO138 de 2,4 pulgadas"},"content":{"rendered":"<p>&nbsp;<\/p>\n<p>Osciloscopio Digital DSO138 ensamblado Osciloscopio Digital LCD TFT de 2,4 pulgadas con Clip de prueba de sonda de cocodrilo Estuche acr\u00edlico transparente<\/p>\n<p>Puntos de venta del producto:<\/p>\n<p>1.El producto es compacto y peque\u00f1o.<\/p>\n<p>2.Ampliamente utilizado<\/p>\n<p>3.Adecuado para entusiastas del bricolaje<\/p>\n<p>4.Larga vida \u00fatil<\/p>\n<p>5.M\u00faltiples opciones<\/p>\n<p>Par\u00e1metros del producto:<\/p>\n<p>Frecuencia m\u00e1xima de muestreo en tiempo real: 1Msps<\/p>\n<p>Precisi\u00f3n: 12 bits<\/p>\n<p>Profundidad del b\u00fafer de muestreo: 1024 bytes<\/p>\n<p>Ancho de banda simulado: 0-200 KHz<\/p>\n<p>Sensibilidad vertical: 10mV\/Div-5V\/Div (modo progresivo 1-2-5)<\/p>\n<p>Desplazamiento vertical ajustable con instrucciones.<\/p>\n<p>Impedancia de entrada: 1M \u03a9<\/p>\n<p>Voltaje de entrada m\u00e1ximo: 50Vpp (sonda 1:1), 400Vpp (10:1 sonda)<\/p>\n<p>Los modos de acoplamiento incluyen DC\/AC\/GND<\/p>\n<p>Rango de base de tiempo horizontal: 10 \u03bc s\/Div-50 s\/Div (modo progresivo 1-2-5)<\/p>\n<p>Equipado con modos autom\u00e1tico, regular y \u00fanico, formas de onda de par f\u00e1ciles de capturar<\/p>\n<p>Gatillos de borde ascendente o descendente disponibles<\/p>\n<p>Posici\u00f3n horizontal del gatillo ajustable con instrucciones<\/p>\n<p>Forma de onda del disparador anteriormente observable (retraso negativo)<\/p>\n<p>Puede congelar la visualizaci\u00f3n de la forma de onda en cualquier momento (funci\u00f3n de retenci\u00f3n)<\/p>\n<p>Viene con una fuente de se\u00f1al de prueba de onda cuadrada de 1 Hz\/3,3 V<\/p>\n<p>lista detallada:<\/p>\n<p>Kit de osciloscopio * 1<\/p>\n<p>&nbsp;<\/p>\n<p><img decoding=\"async\" class=\"img-responsive lazyload\" data-src=\"https:\/\/ae01.alicdn.com\/kf\/S2a399b10b2be41658ddb0a210c5c52a40.jpg\" src=\"data:image\/gif;base64,R0lGODlhAQABAAAAACH5BAEKAAEALAAAAAABAAEAAAICTAEAOw==\" \/><img decoding=\"async\" class=\"img-responsive lazyload\" data-src=\"https:\/\/ae01.alicdn.com\/kf\/Sbdc87127e7034561bac7fc0890411ac39.jpg\" src=\"data:image\/gif;base64,R0lGODlhAQABAAAAACH5BAEKAAEALAAAAAABAAEAAAICTAEAOw==\" \/><img decoding=\"async\" class=\"img-responsive lazyload\" data-src=\"https:\/\/ae01.alicdn.com\/kf\/S0dd89afe1f174bc4910b4a54cb6f7a86O.jpg\" src=\"data:image\/gif;base64,R0lGODlhAQABAAAAACH5BAEKAAEALAAAAAABAAEAAAICTAEAOw==\" \/><img decoding=\"async\" class=\"img-responsive lazyload\" data-src=\"https:\/\/ae01.alicdn.com\/kf\/Sd93b7cbfd93347b1a9b56964972206e0U.jpg\" src=\"data:image\/gif;base64,R0lGODlhAQABAAAAACH5BAEKAAEALAAAAAABAAEAAAICTAEAOw==\" \/><img decoding=\"async\" class=\"img-responsive lazyload\" data-src=\"https:\/\/ae01.alicdn.com\/kf\/S9cd53adb04de47f1932620ee8d5cac551.jpg\" src=\"data:image\/gif;base64,R0lGODlhAQABAAAAACH5BAEKAAEALAAAAAABAAEAAAICTAEAOw==\" \/><\/p>\n","protected":false},"excerpt":{"rendered":"<p>&nbsp; Osciloscopio Digital DSO138 ensamblado Osciloscopio Digital LCD TFT de 2,4 pulgadas con Clip de prueba de sonda de cocodrilo [&hellip;]<\/p>\n","protected":false},"featured_media":1040,"template":"","meta":{"_acf_changed":false,"site-sidebar-layout":"default","site-content-layout":"","ast-site-content-layout":"default","site-content-style":"default","site-sidebar-style":"default","ast-global-header-display":"","ast-banner-title-visibility":"","ast-main-header-display":"","ast-hfb-above-header-display":"","ast-hfb-below-header-display":"","ast-hfb-mobile-header-display":"","site-post-title":"","ast-breadcrumbs-content":"","ast-featured-img":"","footer-sml-layout":"","ast-disable-related-posts":"","theme-transparent-header-meta":"","adv-header-id-meta":"","stick-header-meta":"","header-above-stick-meta":"","header-main-stick-meta":"","header-below-stick-meta":"","astra-migrate-meta-layouts":"default","ast-page-background-enabled":"default","ast-page-background-meta":{"desktop":{"background-color":"var(--ast-global-color-5)","background-image":"","background-repeat":"repeat","background-position":"center center","background-size":"auto","background-attachment":"scroll","background-type":"","background-media":"","overlay-type":"","overlay-color":"","overlay-opacity":"","overlay-gradient":""},"tablet":{"background-color":"","background-image":"","background-repeat":"repeat","background-position":"center center","background-size":"auto","background-attachment":"scroll","background-type":"","background-media":"","overlay-type":"","overlay-color":"","overlay-opacity":"","overlay-gradient":""},"mobile":{"background-color":"","background-image":"","background-repeat":"repeat","background-position":"center center","background-size":"auto","background-attachment":"scroll","background-type":"","background-media":"","overlay-type":"","overlay-color":"","overlay-opacity":"","overlay-gradient":""}},"ast-content-background-meta":{"desktop":{"background-color":"var(--ast-global-color-4)","background-image":"","background-repeat":"repeat","background-position":"center center","background-size":"auto","background-attachment":"scroll","background-type":"","background-media":"","overlay-type":"","overlay-color":"","overlay-opacity":"","overlay-gradient":""},"tablet":{"background-color":"var(--ast-global-color-4)","background-image":"","background-repeat":"repeat","background-position":"center center","background-size":"auto","background-attachment":"scroll","background-type":"","background-media":"","overlay-type":"","overlay-color":"","overlay-opacity":"","overlay-gradient":""},"mobile":{"background-color":"var(--ast-global-color-4)","background-image":"","background-repeat":"repeat","background-position":"center center","background-size":"auto","background-attachment":"scroll","background-type":"","background-media":"","overlay-type":"","overlay-color":"","overlay-opacity":"","overlay-gradient":""}}},"product_brand":[],"product_cat":[203,202,15],"product_tag":[],"class_list":{"0":"post-1041","1":"product","2":"type-product","3":"status-publish","4":"has-post-thumbnail","6":"product_cat-electronica-y-electricidad","7":"product_cat-electronica-y-electricidad-herramientas-y-materiales","8":"product_cat-uncategorized","9":"pa_color-dso138-no-shell","10":"pa_color-dso138-with-shell","11":"pa_color-only-shell","12":"desktop-align-left","13":"tablet-align-left","14":"mobile-align-left","16":"first","17":"instock","18":"shipping-taxable","19":"purchasable","20":"product-type-variable"},"acf":[],"_links":{"self":[{"href":"https:\/\/24hdinamica.com\/dinamica\/wp-json\/wp\/v2\/product\/1041","targetHints":{"allow":["GET"]}}],"collection":[{"href":"https:\/\/24hdinamica.com\/dinamica\/wp-json\/wp\/v2\/product"}],"about":[{"href":"https:\/\/24hdinamica.com\/dinamica\/wp-json\/wp\/v2\/types\/product"}],"wp:featuredmedia":[{"embeddable":true,"href":"https:\/\/24hdinamica.com\/dinamica\/wp-json\/wp\/v2\/media\/1040"}],"wp:attachment":[{"href":"https:\/\/24hdinamica.com\/dinamica\/wp-json\/wp\/v2\/media?parent=1041"}],"wp:term":[{"taxonomy":"product_brand","embeddable":true,"href":"https:\/\/24hdinamica.com\/dinamica\/wp-json\/wp\/v2\/product_brand?post=1041"},{"taxonomy":"product_cat","embeddable":true,"href":"https:\/\/24hdinamica.com\/dinamica\/wp-json\/wp\/v2\/product_cat?post=1041"},{"taxonomy":"product_tag","embeddable":true,"href":"https:\/\/24hdinamica.com\/dinamica\/wp-json\/wp\/v2\/product_tag?post=1041"}],"curies":[{"name":"wp","href":"https:\/\/api.w.org\/{rel}","templated":true}]}}