{"id":1222,"date":"2025-03-18T17:34:50","date_gmt":"2025-03-18T17:34:50","guid":{"rendered":"https:\/\/24hdinamica.com\/dinamica\/?post_type=product&#038;p=1222"},"modified":"2026-05-06T12:51:35","modified_gmt":"2026-05-06T12:51:35","slug":"multimetro-digital-rm102pro-ncv-retroiluminacion-de-6000-recuentos-rango-atuo-amperimetro-ac-dc-voltimetro-ohm-medidor-de-voltaje-portatil","status":"publish","type":"product","link":"https:\/\/24hdinamica.com\/dinamica\/producto\/multimetro-digital-rm102pro-ncv-retroiluminacion-de-6000-recuentos-rango-atuo-amperimetro-ac-dc-voltimetro-ohm-medidor-de-voltaje-portatil\/","title":{"rendered":"Mult\u00edmetro Digital RM102Pro"},"content":{"rendered":"<p>Modelo: RM102pro<\/p>\n<p>Caracter\u00edsticas:<\/p>\n<p>Auto Ture RMS Sujeci\u00f3n de fecha Luz de fondo Alerta de bater\u00eda baja Auto apagado<\/p>\n<p>Especificaci\u00f3n:<\/p>\n<p>Visualizaci\u00f3n m\u00e1xima: 6000<\/p>\n<p>Entorno de trabajo: 0-40\u2103<\/p>\n<p>Humedad relativa: &lt;80%<\/p>\n<p>Voltaje CC: 60 mv\/600 mV\/6 V\/60 V\/600 V\/1000 V<\/p>\n<p>Voltaje CA: 60 mv\/600 mV\/6 V\/60 V\/600 V\/750 V<\/p>\n<p>Corriente CC: 60 mA\/600 mA\/6 A\/10 A.<\/p>\n<p>Corriente CA: 60 mA\/600 mA\/6 A\/10 A.<\/p>\n<p>Resistencia: 600\u03a9\/6k\u03a9\/60k\u03a9\/600k\u03a9\/6M\u03a9\/60M\u03a9<\/p>\n<p>Capacitancia: 9,999 nF\/99,99 nF\/999,9 nF\/9,999 uF\/999,9 uF\/9,999 mF\/99,99 mF<\/p>\n<p>Temperatura: -20~1000\u00b0C \/ -4~1832\u00b0F<\/p>\n<h3>Paquete incluido<\/h3>\n<p>1 * mult\u00edmetro<\/p>\n<p>1 * par de cables de prueba<\/p>\n<p>1 * manual de usuario<\/p>\n<p>Specification:<\/p>\n<p>Maximum display: 6000<\/p>\n<p>Working environment: 0-40\u2103<\/p>\n<p>Relative humidity: &lt;80%<\/p>\n<p>DC voltage: 60mv\/600mV\/6V\/60V\/600V\/1000V<\/p>\n<p>AC voltage: 60mv\/600mV\/6V\/60V\/600V\/750V<\/p>\n<p>DC current: 60mA\/600mA\/6A\/10A<\/p>\n<p>AC current: 60mA\/600mA\/6A\/10A<\/p>\n<p>Resistance: 600\u03a9\/6k\u03a9\/60k\u03a9\/600k\u03a9\/6M\u03a9\/60M\u03a9<\/p>\n<p>Capacitance:9.999nF\/99.99nF\/999.9nF\/9.999uF\/99.99uF\/999.9uF\/9.999mF\/99.99mF<\/p>\n<p>Temperature: -20~1000\u00b0C \/ -4~1832\u00b0F<\/p>\n<h3>Package included<\/h3>\n<p>1 * Multimeter<\/p>\n<p>1 * Pair of test leads<\/p>\n<p>1* User manual<\/p>\n<p><img decoding=\"async\" class=\"img-responsive lazyload\" data-src=\"https:\/\/ae01.alicdn.com\/kf\/S6e12cf8e2ff84ca2abe0e9d78afe3789L.jpg\" src=\"data:image\/gif;base64,R0lGODlhAQABAAAAACH5BAEKAAEALAAAAAABAAEAAAICTAEAOw==\"><img decoding=\"async\" class=\"img-responsive lazyload\" data-src=\"https:\/\/ae01.alicdn.com\/kf\/S17ab33df2b6944728777485a02de7cfbK.jpg\" src=\"data:image\/gif;base64,R0lGODlhAQABAAAAACH5BAEKAAEALAAAAAABAAEAAAICTAEAOw==\"><img decoding=\"async\" class=\"img-responsive lazyload\" data-src=\"https:\/\/ae01.alicdn.com\/kf\/S8b02c6d10a8a481eb1cd95dbedf5a64cI.jpg\" src=\"data:image\/gif;base64,R0lGODlhAQABAAAAACH5BAEKAAEALAAAAAABAAEAAAICTAEAOw==\"><img decoding=\"async\" class=\"img-responsive lazyload\" data-src=\"https:\/\/ae01.alicdn.com\/kf\/See31b7e9ad114300a668add1f2626ef5S.jpg\" src=\"data:image\/gif;base64,R0lGODlhAQABAAAAACH5BAEKAAEALAAAAAABAAEAAAICTAEAOw==\"><img decoding=\"async\" class=\"img-responsive lazyload\" data-src=\"https:\/\/ae01.alicdn.com\/kf\/S3525e26baa9c42dcbd2aa8034c7eb89bz.jpg\" src=\"data:image\/gif;base64,R0lGODlhAQABAAAAACH5BAEKAAEALAAAAAABAAEAAAICTAEAOw==\"><\/p>\n","protected":false},"excerpt":{"rendered":"<p>Modelo: RM102pro Caracter\u00edsticas: Auto Ture RMS Sujeci\u00f3n de fecha Luz de fondo Alerta de bater\u00eda baja Auto apagado Especificaci\u00f3n: Visualizaci\u00f3n [&hellip;]<\/p>\n","protected":false},"featured_media":1223,"template":"","meta":{"_acf_changed":false,"site-sidebar-layout":"default","site-content-layout":"","ast-site-content-layout":"default","site-content-style":"default","site-sidebar-style":"default","ast-global-header-display":"","ast-banner-title-visibility":"","ast-main-header-display":"","ast-hfb-above-header-display":"","ast-hfb-below-header-display":"","ast-hfb-mobile-header-display":"","site-post-title":"","ast-breadcrumbs-content":"","ast-featured-img":"","footer-sml-layout":"","ast-disable-related-posts":"","theme-transparent-header-meta":"","adv-header-id-meta":"","stick-header-meta":"","header-above-stick-meta":"","header-main-stick-meta":"","header-below-stick-meta":"","astra-migrate-meta-layouts":"default","ast-page-background-enabled":"default","ast-page-background-meta":{"desktop":{"background-color":"var(--ast-global-color-5)","background-image":"","background-repeat":"repeat","background-position":"center center","background-size":"auto","background-attachment":"scroll","background-type":"","background-media":"","overlay-type":"","overlay-color":"","overlay-opacity":"","overlay-gradient":""},"tablet":{"background-color":"","background-image":"","background-repeat":"repeat","background-position":"center center","background-size":"auto","background-attachment":"scroll","background-type":"","background-media":"","overlay-type":"","overlay-color":"","overlay-opacity":"","overlay-gradient":""},"mobile":{"background-color":"","background-image":"","background-repeat":"repeat","background-position":"center center","background-size":"auto","background-attachment":"scroll","background-type":"","background-media":"","overlay-type":"","overlay-color":"","overlay-opacity":"","overlay-gradient":""}},"ast-content-background-meta":{"desktop":{"background-color":"var(--ast-global-color-4)","background-image":"","background-repeat":"repeat","background-position":"center center","background-size":"auto","background-attachment":"scroll","background-type":"","background-media":"","overlay-type":"","overlay-color":"","overlay-opacity":"","overlay-gradient":""},"tablet":{"background-color":"var(--ast-global-color-4)","background-image":"","background-repeat":"repeat","background-position":"center center","background-size":"auto","background-attachment":"scroll","background-type":"","background-media":"","overlay-type":"","overlay-color":"","overlay-opacity":"","overlay-gradient":""},"mobile":{"background-color":"var(--ast-global-color-4)","background-image":"","background-repeat":"repeat","background-position":"center center","background-size":"auto","background-attachment":"scroll","background-type":"","background-media":"","overlay-type":"","overlay-color":"","overlay-opacity":"","overlay-gradient":""}}},"product_brand":[],"product_cat":[203,202,15],"product_tag":[],"class_list":{"0":"post-1222","1":"product","2":"type-product","3":"status-publish","4":"has-post-thumbnail","6":"product_cat-electronica-y-electricidad","7":"product_cat-electronica-y-electricidad-herramientas-y-materiales","8":"product_cat-uncategorized","9":"pa_color-negro","10":"desktop-align-left","11":"tablet-align-left","12":"mobile-align-left","14":"first","15":"instock","16":"shipping-taxable","17":"purchasable","18":"product-type-simple"},"acf":[],"_links":{"self":[{"href":"https:\/\/24hdinamica.com\/dinamica\/wp-json\/wp\/v2\/product\/1222","targetHints":{"allow":["GET"]}}],"collection":[{"href":"https:\/\/24hdinamica.com\/dinamica\/wp-json\/wp\/v2\/product"}],"about":[{"href":"https:\/\/24hdinamica.com\/dinamica\/wp-json\/wp\/v2\/types\/product"}],"wp:featuredmedia":[{"embeddable":true,"href":"https:\/\/24hdinamica.com\/dinamica\/wp-json\/wp\/v2\/media\/1223"}],"wp:attachment":[{"href":"https:\/\/24hdinamica.com\/dinamica\/wp-json\/wp\/v2\/media?parent=1222"}],"wp:term":[{"taxonomy":"product_brand","embeddable":true,"href":"https:\/\/24hdinamica.com\/dinamica\/wp-json\/wp\/v2\/product_brand?post=1222"},{"taxonomy":"product_cat","embeddable":true,"href":"https:\/\/24hdinamica.com\/dinamica\/wp-json\/wp\/v2\/product_cat?post=1222"},{"taxonomy":"product_tag","embeddable":true,"href":"https:\/\/24hdinamica.com\/dinamica\/wp-json\/wp\/v2\/product_tag?post=1222"}],"curies":[{"name":"wp","href":"https:\/\/api.w.org\/{rel}","templated":true}]}}