{"id":1273,"date":"2025-03-18T17:59:34","date_gmt":"2025-03-18T17:59:34","guid":{"rendered":"https:\/\/24hdinamica.com\/dinamica\/?post_type=product&#038;p=1273"},"modified":"2026-05-06T12:51:36","modified_gmt":"2026-05-06T12:51:36","slug":"estacion-de-desoldar-t12a-para-trabajos-de-soldadura-de-precision","status":"publish","type":"product","link":"https:\/\/24hdinamica.com\/dinamica\/producto\/estacion-de-desoldar-t12a-para-trabajos-de-soldadura-de-precision\/","title":{"rendered":"Estaci\u00f3n de desoldar T12A, para trabajos de soldadura de precisi\u00f3n"},"content":{"rendered":"<p>Soldadura de precisi\u00f3n<\/p>\n<p>Dise\u00f1ada para trabajos de soldadura de precisi\u00f3n, esta estaci\u00f3n garantiza resultados precisos en sus tareas de soldadura.<\/p>\n<p>Material de alta calidad<\/p>\n<p>Construida con materiales de alta calidad, esta estaci\u00f3n de soldadura garantiza durabilidad y longevidad.<\/p>\n<p>Pistola de esta\u00f1o de succi\u00f3n y pistola de aire caliente<\/p>\n<p>Equipada con una pistola de esta\u00f1o de succi\u00f3n y una pistola de aire caliente, esta estaci\u00f3n ofrece herramientas vers\u00e1tiles para diferentes necesidades de soldadura.<\/p>\n<p>Dise\u00f1o f\u00e1cil de usar<\/p>\n<p>Con su dise\u00f1o f\u00e1cil de usar, la estaci\u00f3n desoldadora T12A es f\u00e1cil de operar, lo que la hace ideal tanto para principiantes como para profesionales.<\/p>\n<p>Control inteligente STM 32<\/p>\n<p>La estaci\u00f3n Desoldadora T12A cuenta con control inteligente STM 32, lo que garantiza un trabajo de soldadura preciso en todo momento.<\/p>\n<p><img decoding=\"async\" class=\"img-responsive lazyload\" data-src=\"https:\/\/ae01.alicdn.com\/kf\/S14f48ac9f3fb42c6b83d9f3f6e39bae9T.jpg\" src=\"data:image\/gif;base64,R0lGODlhAQABAAAAACH5BAEKAAEALAAAAAABAAEAAAICTAEAOw==\"><img decoding=\"async\" class=\"img-responsive lazyload\" data-src=\"https:\/\/ae01.alicdn.com\/kf\/S7a498d718a6c44caa4ce5d0e4af2be8fz.jpg\" src=\"data:image\/gif;base64,R0lGODlhAQABAAAAACH5BAEKAAEALAAAAAABAAEAAAICTAEAOw==\"><img decoding=\"async\" class=\"img-responsive lazyload\" data-src=\"https:\/\/ae01.alicdn.com\/kf\/S06fcd655812e46e48945ec43c051473be.jpg\" src=\"data:image\/gif;base64,R0lGODlhAQABAAAAACH5BAEKAAEALAAAAAABAAEAAAICTAEAOw==\"><img decoding=\"async\" class=\"img-responsive lazyload\" data-src=\"https:\/\/ae01.alicdn.com\/kf\/S97cdd5985bbe445994838ba3f7a2a10er.jpg\" src=\"data:image\/gif;base64,R0lGODlhAQABAAAAACH5BAEKAAEALAAAAAABAAEAAAICTAEAOw==\"><img decoding=\"async\" class=\"img-responsive lazyload\" data-src=\"https:\/\/ae01.alicdn.com\/kf\/S5ec7482d441d430fbabb54a4be59f40aW.jpg\" src=\"data:image\/gif;base64,R0lGODlhAQABAAAAACH5BAEKAAEALAAAAAABAAEAAAICTAEAOw==\"><img decoding=\"async\" class=\"img-responsive lazyload\" data-src=\"https:\/\/ae01.alicdn.com\/kf\/Sf8e0dcf3d61e4b04887c50370a4eaea0K.jpg\" src=\"data:image\/gif;base64,R0lGODlhAQABAAAAACH5BAEKAAEALAAAAAABAAEAAAICTAEAOw==\"><img decoding=\"async\" class=\"img-responsive lazyload\" data-src=\"https:\/\/ae01.alicdn.com\/kf\/S66eaf2ba2d1244f1b7293b42644373bd9.jpg\" src=\"data:image\/gif;base64,R0lGODlhAQABAAAAACH5BAEKAAEALAAAAAABAAEAAAICTAEAOw==\"><\/p>\n","protected":false},"excerpt":{"rendered":"<p>Soldadura de precisi\u00f3n Dise\u00f1ada para trabajos de soldadura de precisi\u00f3n, esta estaci\u00f3n garantiza resultados precisos en sus tareas de soldadura. [&hellip;]<\/p>\n","protected":false},"featured_media":1272,"template":"","meta":{"_acf_changed":false,"site-sidebar-layout":"default","site-content-layout":"","ast-site-content-layout":"default","site-content-style":"default","site-sidebar-style":"default","ast-global-header-display":"","ast-banner-title-visibility":"","ast-main-header-display":"","ast-hfb-above-header-display":"","ast-hfb-below-header-display":"","ast-hfb-mobile-header-display":"","site-post-title":"","ast-breadcrumbs-content":"","ast-featured-img":"","footer-sml-layout":"","ast-disable-related-posts":"","theme-transparent-header-meta":"","adv-header-id-meta":"","stick-header-meta":"","header-above-stick-meta":"","header-main-stick-meta":"","header-below-stick-meta":"","astra-migrate-meta-layouts":"default","ast-page-background-enabled":"default","ast-page-background-meta":{"desktop":{"background-color":"var(--ast-global-color-5)","background-image":"","background-repeat":"repeat","background-position":"center center","background-size":"auto","background-attachment":"scroll","background-type":"","background-media":"","overlay-type":"","overlay-color":"","overlay-opacity":"","overlay-gradient":""},"tablet":{"background-color":"","background-image":"","background-repeat":"repeat","background-position":"center center","background-size":"auto","background-attachment":"scroll","background-type":"","background-media":"","overlay-type":"","overlay-color":"","overlay-opacity":"","overlay-gradient":""},"mobile":{"background-color":"","background-image":"","background-repeat":"repeat","background-position":"center center","background-size":"auto","background-attachment":"scroll","background-type":"","background-media":"","overlay-type":"","overlay-color":"","overlay-opacity":"","overlay-gradient":""}},"ast-content-background-meta":{"desktop":{"background-color":"var(--ast-global-color-4)","background-image":"","background-repeat":"repeat","background-position":"center center","background-size":"auto","background-attachment":"scroll","background-type":"","background-media":"","overlay-type":"","overlay-color":"","overlay-opacity":"","overlay-gradient":""},"tablet":{"background-color":"var(--ast-global-color-4)","background-image":"","background-repeat":"repeat","background-position":"center center","background-size":"auto","background-attachment":"scroll","background-type":"","background-media":"","overlay-type":"","overlay-color":"","overlay-opacity":"","overlay-gradient":""},"mobile":{"background-color":"var(--ast-global-color-4)","background-image":"","background-repeat":"repeat","background-position":"center center","background-size":"auto","background-attachment":"scroll","background-type":"","background-media":"","overlay-type":"","overlay-color":"","overlay-opacity":"","overlay-gradient":""}}},"product_brand":[],"product_cat":[203,202,15],"product_tag":[],"class_list":{"0":"post-1273","1":"product","2":"type-product","3":"status-publish","4":"has-post-thumbnail","6":"product_cat-electronica-y-electricidad","7":"product_cat-electronica-y-electricidad-herramientas-y-materiales","8":"product_cat-uncategorized","9":"pa_color-marron","10":"pa_voltaje-eu-plug-220v","11":"pa_voltaje-us-plug-110v","12":"desktop-align-left","13":"tablet-align-left","14":"mobile-align-left","16":"first","17":"instock","18":"shipping-taxable","19":"purchasable","20":"product-type-variable"},"acf":[],"_links":{"self":[{"href":"https:\/\/24hdinamica.com\/dinamica\/wp-json\/wp\/v2\/product\/1273","targetHints":{"allow":["GET"]}}],"collection":[{"href":"https:\/\/24hdinamica.com\/dinamica\/wp-json\/wp\/v2\/product"}],"about":[{"href":"https:\/\/24hdinamica.com\/dinamica\/wp-json\/wp\/v2\/types\/product"}],"wp:featuredmedia":[{"embeddable":true,"href":"https:\/\/24hdinamica.com\/dinamica\/wp-json\/wp\/v2\/media\/1272"}],"wp:attachment":[{"href":"https:\/\/24hdinamica.com\/dinamica\/wp-json\/wp\/v2\/media?parent=1273"}],"wp:term":[{"taxonomy":"product_brand","embeddable":true,"href":"https:\/\/24hdinamica.com\/dinamica\/wp-json\/wp\/v2\/product_brand?post=1273"},{"taxonomy":"product_cat","embeddable":true,"href":"https:\/\/24hdinamica.com\/dinamica\/wp-json\/wp\/v2\/product_cat?post=1273"},{"taxonomy":"product_tag","embeddable":true,"href":"https:\/\/24hdinamica.com\/dinamica\/wp-json\/wp\/v2\/product_tag?post=1273"}],"curies":[{"name":"wp","href":"https:\/\/api.w.org\/{rel}","templated":true}]}}