{"id":2078,"date":"2025-03-24T17:42:32","date_gmt":"2025-03-24T17:42:32","guid":{"rendered":"https:\/\/24hdinamica.com\/dinamica\/?post_type=product&#038;p=2078"},"modified":"2026-05-06T12:51:35","modified_gmt":"2026-05-06T12:51:35","slug":"wanptek-fuente-de-alimentacion-cc-de-laboratorio-ajustable-30v-60v-120v-pantalla-de-digitos-regulador-de-voltaje-fuente-de-alimentacion-de-banco-de-laboratorio","status":"publish","type":"product","link":"https:\/\/24hdinamica.com\/dinamica\/producto\/wanptek-fuente-de-alimentacion-cc-de-laboratorio-ajustable-30v-60v-120v-pantalla-de-digitos-regulador-de-voltaje-fuente-de-alimentacion-de-banco-de-laboratorio\/","title":{"rendered":"Fuente de alimentaci\u00f3n CC ajustable 30V 60V 120V"},"content":{"rendered":"<p style=\"font-family: 'Open Sans', sans-serif;font-size: 14px;line-height: inherit;margin: 0px;padding: 0px 0px 0px 0em;padding-bottom: 0px;padding-top: 0px;padding-right: 0px\">Se incluyen 8 paquetes:<\/p>\n<p>&nbsp;<\/p>\n<p>Pantalla de tres d\u00edgitos 0,1 V\/0,01 A<\/p>\n<p>1. Fuente de alimentaci\u00f3n NPS306W CC con pantalla de alimentaci\u00f3n 30V 6A<\/p>\n<p>2. Fuente de alimentaci\u00f3n NPS3010W DC con pantalla de alimentaci\u00f3n 30V 10A<\/p>\n<p>3. Fuente de alimentaci\u00f3n NPS605W CC con pantalla de alimentaci\u00f3n 60V 5A<\/p>\n<p>4. Fuente de alimentaci\u00f3n NPS1203W CC con pantalla de alimentaci\u00f3n 120V 3A<\/p>\n<p>&nbsp;<\/p>\n<p>Pantalla de cuatro d\u00edgitos 0,01 V\/0,001 A<\/p>\n<p>5. Fuente de alimentaci\u00f3n NPS306W CC con pantalla de alimentaci\u00f3n 30V 6A<\/p>\n<p>6. Fuente de alimentaci\u00f3n NPS3010W DC con pantalla de alimentaci\u00f3n 30V 10A<\/p>\n<p>7.Fuente de alimentaci\u00f3n CC NPS605W con pantalla de alimentaci\u00f3n 60V 5A<\/p>\n<p>8. Fuente de alimentaci\u00f3n CC NPS1203W con pantalla de alimentaci\u00f3n 120V 3A<\/p>\n<p>&nbsp;<\/p>\n<p>Caracter\u00edsticas del producto<\/p>\n<p>Los nuevos productos de la serie NPS-W de Wanptek incluyen 4 modelos, a saber, NPS306W, NPS3010W, NPS605W y NPS1203W.Los colores del cuerpo est\u00e1n disponibles en blanco y blanquecino.Este modelo es una fuente de alimentaci\u00f3n de CC conmutada en miniatura.El voltaje y la corriente de salida se pueden controlar y ajustar mediante resistencias variables respectivamente, por lo que proporciona m\u00e1s comodidad y precisi\u00f3n en el ajuste de voltaje y corriente.El panel tambi\u00e9n proporciona una visualizaci\u00f3n de tubo digital de tres ventanas de alta precisi\u00f3n de voltaje, corriente y potencia, para que los usuarios puedan ver intuitivamente el estado de uso actual y los varios par\u00e1metros de la m\u00e1quina.<\/p>\n<p>INTRODUCCI\u00d3N:<br \/>\nLa serie de fuentes de alimentaci\u00f3n conmutadas para instrumentos de medici\u00f3n ha descubierto las molestias de un gran volumen y peso pesado de una fuente de alimentaci\u00f3n tradicional.Cuatro botones de ajuste. El voltaje y la corriente de salida, respectivamente, est\u00e1n controlados por dos resistencias variables con regulaci\u00f3n gruesa y fina para un ajuste m\u00e1s pr\u00e1ctico y preciso.<\/p>\n<p>1.Tiene una funci\u00f3n de protecci\u00f3n operativa completa. Protecci\u00f3n contra sobretemperatura, protecci\u00f3n contra sobrecarga, protecci\u00f3n contra cortocircuitos.<br \/>\n2. Tama\u00f1o peque\u00f1o, baja ondulaci\u00f3n, peso ligero y alta densidad de potencia, muy eficiente.<br \/>\n3.Estabilizaci\u00f3n de voltaje, limitaci\u00f3n de corriente, funcionamiento sencillo.<br \/>\n4. Presi\u00f3n constante y interruptor de corriente constante autom\u00e1ticamente.<br \/>\n5. Tres pantallas LED de voltaje, corriente y potencia, alta precisi\u00f3n.<br \/>\n6. Disipaci\u00f3n de calor del ventilador controlada por temperatura, bajo nivel de ruido, larga vida \u00fatil.<br \/>\n7.Cuatro potenci\u00f3metros de ajuste m\u00e1s preciso.<br \/>\n8. Entrada de doble voltaje y opci\u00f3n conveniente.<br \/>\n9.El voltaje de salida var\u00eda de 0 al voltaje nominal con ajuste continuo.<br \/>\n10.La corriente de salida var\u00eda de 0 a la corriente nominal con ajuste continuo<br \/>\n11.AC 110v y 220vcan funcionan, tenga la seguridad de elegir.<\/p>\n<table class=\"table table-bordered border=\" cellspacing=\"0\">\n<tbody>\n<tr>\n<td>Modelo<\/td>\n<td>NPS306W<\/td>\n<td>NPS3010W<\/td>\n<td>NPS605W<\/td>\n<td>NPS1203W<\/td>\n<\/tr>\n<tr>\n<td>Potencia de salida<\/td>\n<td>180W<\/td>\n<td>300W<\/td>\n<td>300W<\/td>\n<td>360W<\/td>\n<\/tr>\n<tr>\n<td>Tensi\u00f3n de salida<\/td>\n<td>0 ~ 30V<\/td>\n<td>0 ~ 30V<\/td>\n<td>0 ~ 60V<\/td>\n<td>0 ~ 120 V<\/td>\n<\/tr>\n<tr>\n<td>Corriente de salida<\/td>\n<td>0~6A<\/td>\n<td>0~10A<\/td>\n<td>0~5A<\/td>\n<td>0~3A<\/td>\n<\/tr>\n<tr>\n<td colspan=\"5\">entorno de trabajo<\/td>\n<\/tr>\n<tr>\n<td rowspan=\"3\"><\/td>\n<td colspan=\"4\">voltaje de entrada: CA 230 V\/115 V \u00b1 10 %; 50 Hz\/60 Hz<\/td>\n<\/tr>\n<tr>\n<td colspan=\"4\">Temperatura de trabajo:0\u2103\uff5e40\u2103;humedad relativa:&lt;80%RH<\/td>\n<\/tr>\n<tr>\n<td colspan=\"4\">Temperatura de almacenamiento: -10\u2103\uff5e70\u2103;humedad relativa:&lt;70%RH<\/td>\n<\/tr>\n<tr>\n<td colspan=\"5\">CV de tensi\u00f3n constante<\/td>\n<\/tr>\n<tr>\n<td rowspan=\"4\"><\/td>\n<td colspan=\"4\">Estabilidad de voltaje: 0,1% \u00b1 3 mV<\/td>\n<\/tr>\n<tr>\n<td colspan=\"4\">Estabilidad de carga: 0,2% \u00b1 3 mV<\/td>\n<\/tr>\n<tr>\n<td colspan=\"4\">Tensi\u00f3n de ondulaci\u00f3n: \u22640,5% Vp-p<\/td>\n<\/tr>\n<tr>\n<td colspan=\"4\">0 a voltaje nominal continuamente ajustable<\/td>\n<\/tr>\n<tr>\n<td colspan=\"5\">CC de corriente constante<\/td>\n<\/tr>\n<tr>\n<td rowspan=\"6\"><\/td>\n<td colspan=\"4\">Estabilidad actual: 0,1% \u00b1 3 mA<\/td>\n<\/tr>\n<tr>\n<td colspan=\"4\">Estabilidad de carga: 0,2% \u00b1 3 mA<\/td>\n<\/tr>\n<tr>\n<td colspan=\"4\">Corriente de ondulaci\u00f3n: \u22640,5% Vp-p<\/td>\n<\/tr>\n<tr>\n<td colspan=\"4\">Tiempo de recuperaci\u00f3n: \u2264500\u03bcS<\/td>\n<\/tr>\n<tr>\n<td colspan=\"4\">Coeficiente de temperatura: \u2264100ppm\/\u2103<\/td>\n<\/tr>\n<tr>\n<td colspan=\"4\">0 a corriente nominal continuamente ajustable<\/td>\n<\/tr>\n<tr>\n<td colspan=\"5\">mostrar<\/td>\n<\/tr>\n<tr>\n<td rowspan=\"3\"><\/td>\n<td colspan=\"4\">Pantalla roja de tres d\u00edgitos de 0,4 pulgadas<\/td>\n<\/tr>\n<tr>\n<td colspan=\"4\">Precisi\u00f3n de la pantalla: 0,5% \u00b1 d\u00edgitos<\/td>\n<\/tr>\n<tr>\n<td colspan=\"4\">Resoluci\u00f3n de pantalla: voltaje 0,1 V, corriente 0,01 A Opcional<\/p>\n<p>Resoluci\u00f3n de pantalla: voltaje 0,01 V, corriente 0,001 A opcional<\/td>\n<\/tr>\n<tr>\n<td colspan=\"5\"><\/td>\n<\/tr>\n<\/tbody>\n<\/table>\n<p>Escenas aplicadas<\/p>\n<p>1.Prueba de l\u00ednea de producci\u00f3n.<\/p>\n<p style=\"font-family: 'Microsoft YaHei';line-height: inherit;margin: 0px;padding: 0px 0px 0px 0em;padding-bottom: 0px;padding-top: 0px;padding-right: 0px\">2.Mantenimiento de tel\u00e9fonos m\u00f3viles, mantenimiento de computadoras, mantenimiento de aparatos el\u00e9ctricos, DVD para autom\u00f3vil, audio para autom\u00f3vil.<\/p>\n<p style=\"font-family: 'Microsoft YaHei';line-height: inherit;margin: 0px;padding: 0px 0px 0px 0em;padding-bottom: 0px;padding-top: 0px;padding-right: 0px\">3.Envejecimiento del producto, galvanoplastia, como resistencias, condensadores, rel\u00e9s, motores de CC, LED, etc.<\/p>\n<p style=\"font-family: 'Microsoft YaHei';line-height: inherit;margin: 0px;padding: 0px 0px 0px 0em;padding-bottom: 0px;padding-top: 0px;padding-right: 0px\">4.Cargue la bater\u00eda.<\/p>\n<p style=\"font-family: 'Microsoft YaHei';line-height: inherit;margin: 0px;padding: 0px 0px 0px 0em;padding-bottom: 0px;padding-top: 0px;padding-right: 0px\">5.Laboratorio, ense\u00f1anza de investigaci\u00f3n cient\u00edfica, f\u00e1brica, suministro de energ\u00eda de mantenimiento. Laboratorios escolares investigaci\u00f3n cient\u00edfica y uso de l\u00ednea de producci\u00f3n<\/p>\n<p style=\"font-family: 'Microsoft YaHei';line-height: inherit;margin: 0px;padding: 0px 0px 0px 0em;padding-bottom: 0px;padding-top: 0px;padding-right: 0px\">6.Todas las dem\u00e1s ocasiones que requieren fuente de alimentaci\u00f3n de CC.<\/p>\n<p>&nbsp;<\/p>\n<p>Paquete del producto<\/p>\n<p>1x fuente de alimentaci\u00f3n CC<\/p>\n<p>1 cable de alimentaci\u00f3n (UE, EE. UU., Reino Unido, AU)<\/p>\n<p>1x l\u00ednea de prueba<\/p>\n<p>1x manual de usuario<\/p>\n<p>&nbsp;<\/p>\n<p>Preguntas frecuentes<\/p>\n<p>&nbsp;<\/p>\n<p>P: \u00bfPor qu\u00e9 no se enciende la fuente de alimentaci\u00f3n cuando acabo de recibir el paquete (sin respuesta)?<\/p>\n<p>R: 1 Compruebe si el cable de alimentaci\u00f3n tiene salida.<\/p>\n<p>2 Utilice un mult\u00edmetro para probar si la fuente de alimentaci\u00f3n tiene salida de voltaje.<\/p>\n<p>3 Si hay salida de voltaje, retire la tapa de la fuente de alimentaci\u00f3n y verifique si el cable est\u00e1 suelto. Reins\u00e9rtelo y pruebe<\/p>\n<p>&nbsp;<\/p>\n<p>P: \u00bfPor qu\u00e9 el ventilador de la fuente de alimentaci\u00f3n no gira?<\/p>\n<p>R: Nuestros ventiladores de fuente de alimentaci\u00f3n controlan inteligentemente la temperatura y activan autom\u00e1ticamente la disipaci\u00f3n de calor cuando el interior supera los 50\u00b0\u2103, se iniciar\u00e1 autom\u00e1ticamente.<\/p>\n<p>&nbsp;<\/p>\n<p>P: \u00bfNo se puede ajustar la corriente?<\/p>\n<p>R: La fuente de alimentaci\u00f3n debe conectarse a la carga para provocar un cortocircuito. Luego aj\u00fastelo.<\/p>\n<p><img decoding=\"async\" class=\"img-responsive lazyload\" data-src=\"https:\/\/ae04.alicdn.com\/kf\/S39d0b0c57a534e0b867c6c3495146b3at.jpg\" src=\"data:image\/gif;base64,R0lGODlhAQABAAAAACH5BAEKAAEALAAAAAABAAEAAAICTAEAOw==\" \/><img decoding=\"async\" class=\"img-responsive lazyload\" data-src=\"https:\/\/ae01.alicdn.com\/kf\/Sb639263bd1b94a55a6f79cdf8ad5de16D.jpg\" src=\"data:image\/gif;base64,R0lGODlhAQABAAAAACH5BAEKAAEALAAAAAABAAEAAAICTAEAOw==\" \/><img decoding=\"async\" class=\"img-responsive lazyload\" data-src=\"https:\/\/ae01.alicdn.com\/kf\/Sa2f705953d5e4c3fbd1badf72ee95901P.jpg\" src=\"data:image\/gif;base64,R0lGODlhAQABAAAAACH5BAEKAAEALAAAAAABAAEAAAICTAEAOw==\" \/><img decoding=\"async\" class=\"img-responsive lazyload\" data-src=\"https:\/\/ae01.alicdn.com\/kf\/S2116623855f74d05a180e31aff25edcew.jpg\" src=\"data:image\/gif;base64,R0lGODlhAQABAAAAACH5BAEKAAEALAAAAAABAAEAAAICTAEAOw==\" \/><img decoding=\"async\" class=\"img-responsive lazyload\" data-src=\"https:\/\/ae01.alicdn.com\/kf\/Sc7b85635c1ff4a258ee6d3e53e4eeaffC.jpg\" src=\"data:image\/gif;base64,R0lGODlhAQABAAAAACH5BAEKAAEALAAAAAABAAEAAAICTAEAOw==\" \/><img decoding=\"async\" class=\"img-responsive lazyload\" data-src=\"https:\/\/ae01.alicdn.com\/kf\/S4c499413c91f4ad8a29e811805f3fd32P.jpg\" src=\"data:image\/gif;base64,R0lGODlhAQABAAAAACH5BAEKAAEALAAAAAABAAEAAAICTAEAOw==\" \/><img decoding=\"async\" class=\"img-responsive lazyload\" data-src=\"https:\/\/ae01.alicdn.com\/kf\/S6ab402a3cf3d4ab8acb29b389504b3dfu.jpg\" src=\"data:image\/gif;base64,R0lGODlhAQABAAAAACH5BAEKAAEALAAAAAABAAEAAAICTAEAOw==\" \/><img decoding=\"async\" class=\"img-responsive lazyload\" data-src=\"https:\/\/ae01.alicdn.com\/kf\/Se667d57efe5b44c1a0269cff23246671K.png\" src=\"data:image\/gif;base64,R0lGODlhAQABAAAAACH5BAEKAAEALAAAAAABAAEAAAICTAEAOw==\" \/><img decoding=\"async\" class=\"img-responsive lazyload\" data-src=\"https:\/\/ae01.alicdn.com\/kf\/S7abad897df7b417e8ca2b6a971e9885db.jpg\" src=\"data:image\/gif;base64,R0lGODlhAQABAAAAACH5BAEKAAEALAAAAAABAAEAAAICTAEAOw==\" \/><img decoding=\"async\" class=\"img-responsive lazyload\" data-src=\"https:\/\/ae01.alicdn.com\/kf\/S394e710ba00b479faa602a75041c3904C.jpg\" src=\"data:image\/gif;base64,R0lGODlhAQABAAAAACH5BAEKAAEALAAAAAABAAEAAAICTAEAOw==\" \/><img decoding=\"async\" class=\"img-responsive lazyload\" data-src=\"https:\/\/ae01.alicdn.com\/kf\/H5df0f8a30498476e86f167e55f9886c0v.jpg\" src=\"data:image\/gif;base64,R0lGODlhAQABAAAAACH5BAEKAAEALAAAAAABAAEAAAICTAEAOw==\" \/><\/p>\n","protected":false},"excerpt":{"rendered":"<p>Se incluyen 8 paquetes: &nbsp; Pantalla de tres d\u00edgitos 0,1 V\/0,01 A 1. Fuente de alimentaci\u00f3n NPS306W CC con pantalla [&hellip;]<\/p>\n","protected":false},"featured_media":2973,"template":"","meta":{"_acf_changed":false,"site-sidebar-layout":"default","site-content-layout":"","ast-site-content-layout":"default","site-content-style":"default","site-sidebar-style":"default","ast-global-header-display":"","ast-banner-title-visibility":"","ast-main-header-display":"","ast-hfb-above-header-display":"","ast-hfb-below-header-display":"","ast-hfb-mobile-header-display":"","site-post-title":"","ast-breadcrumbs-content":"","ast-featured-img":"","footer-sml-layout":"","ast-disable-related-posts":"","theme-transparent-header-meta":"","adv-header-id-meta":"","stick-header-meta":"","header-above-stick-meta":"","header-main-stick-meta":"","header-below-stick-meta":"","astra-migrate-meta-layouts":"default","ast-page-background-enabled":"default","ast-page-background-meta":{"desktop":{"background-color":"var(--ast-global-color-5)","background-image":"","background-repeat":"repeat","background-position":"center center","background-size":"auto","background-attachment":"scroll","background-type":"","background-media":"","overlay-type":"","overlay-color":"","overlay-opacity":"","overlay-gradient":""},"tablet":{"background-color":"","background-image":"","background-repeat":"repeat","background-position":"center center","background-size":"auto","background-attachment":"scroll","background-type":"","background-media":"","overlay-type":"","overlay-color":"","overlay-opacity":"","overlay-gradient":""},"mobile":{"background-color":"","background-image":"","background-repeat":"repeat","background-position":"center center","background-size":"auto","background-attachment":"scroll","background-type":"","background-media":"","overlay-type":"","overlay-color":"","overlay-opacity":"","overlay-gradient":""}},"ast-content-background-meta":{"desktop":{"background-color":"var(--ast-global-color-4)","background-image":"","background-repeat":"repeat","background-position":"center center","background-size":"auto","background-attachment":"scroll","background-type":"","background-media":"","overlay-type":"","overlay-color":"","overlay-opacity":"","overlay-gradient":""},"tablet":{"background-color":"var(--ast-global-color-4)","background-image":"","background-repeat":"repeat","background-position":"center center","background-size":"auto","background-attachment":"scroll","background-type":"","background-media":"","overlay-type":"","overlay-color":"","overlay-opacity":"","overlay-gradient":""},"mobile":{"background-color":"var(--ast-global-color-4)","background-image":"","background-repeat":"repeat","background-position":"center center","background-size":"auto","background-attachment":"scroll","background-type":"","background-media":"","overlay-type":"","overlay-color":"","overlay-opacity":"","overlay-gradient":""}}},"product_brand":[],"product_cat":[203,202,15],"product_tag":[],"class_list":{"0":"post-2078","1":"product","2":"type-product","3":"status-publish","4":"has-post-thumbnail","6":"product_cat-electronica-y-electricidad","7":"product_cat-electronica-y-electricidad-herramientas-y-materiales","8":"product_cat-uncategorized","9":"pa_color-3digits-120v-3a","10":"pa_color-3digits-30v-10a","11":"pa_color-3digits-30v-6a","12":"pa_color-3digits-60v-5a","13":"pa_color-4digits-120v-3a","14":"pa_color-4digits-30v-10a","15":"pa_color-4digits-30v-6a","16":"pa_color-4digits-60v-5a","17":"pa_enviado-desde-china","18":"pa_ships-from-espana","19":"pa_ships-from-estados-unidos","20":"pa_ships-from-federacion-rusa","21":"pa_ships-from-mexico","22":"pa_ships-from-polonia","23":"desktop-align-left","24":"tablet-align-left","25":"mobile-align-left","27":"first","28":"instock","29":"shipping-taxable","30":"purchasable","31":"product-type-variable"},"acf":[],"_links":{"self":[{"href":"https:\/\/24hdinamica.com\/dinamica\/wp-json\/wp\/v2\/product\/2078","targetHints":{"allow":["GET"]}}],"collection":[{"href":"https:\/\/24hdinamica.com\/dinamica\/wp-json\/wp\/v2\/product"}],"about":[{"href":"https:\/\/24hdinamica.com\/dinamica\/wp-json\/wp\/v2\/types\/product"}],"wp:featuredmedia":[{"embeddable":true,"href":"https:\/\/24hdinamica.com\/dinamica\/wp-json\/wp\/v2\/media\/2973"}],"wp:attachment":[{"href":"https:\/\/24hdinamica.com\/dinamica\/wp-json\/wp\/v2\/media?parent=2078"}],"wp:term":[{"taxonomy":"product_brand","embeddable":true,"href":"https:\/\/24hdinamica.com\/dinamica\/wp-json\/wp\/v2\/product_brand?post=2078"},{"taxonomy":"product_cat","embeddable":true,"href":"https:\/\/24hdinamica.com\/dinamica\/wp-json\/wp\/v2\/product_cat?post=2078"},{"taxonomy":"product_tag","embeddable":true,"href":"https:\/\/24hdinamica.com\/dinamica\/wp-json\/wp\/v2\/product_tag?post=2078"}],"curies":[{"name":"wp","href":"https:\/\/api.w.org\/{rel}","templated":true}]}}