{"id":2144,"date":"2025-03-24T17:14:04","date_gmt":"2025-03-24T17:14:04","guid":{"rendered":"https:\/\/24hdinamica.com\/dinamica\/?post_type=product&#038;p=2144"},"modified":"2025-06-19T10:28:23","modified_gmt":"2025-06-19T10:28:23","slug":"placa-de-control-de-accionamiento-del-inversor-del-compresor-accesorios-para-nevera-haier-wb-11-24-11-vetz110l","status":"publish","type":"product","link":"https:\/\/24hdinamica.com\/dinamica\/producto\/placa-de-control-de-accionamiento-del-inversor-del-compresor-accesorios-para-nevera-haier-wb-11-24-11-vetz110l\/","title":{"rendered":"Placa de Control para compresor de refrigerador WB-11.24.11, VETZ110L"},"content":{"rendered":"<p><strong>Placa de Control para Compresor de Refrigerador WB-11.24.11 (VETZ110L)\u00a0<\/strong><\/p>\n<p><strong>Compatible con m\u00faltiples marcas, fabricada en materiales resistentes para garantizar un funcionamiento \u00f3ptimo y duradero del compresor. <\/strong><\/p>\n<p><strong>F\u00e1cil instalaci\u00f3n y protecci\u00f3n contra sobrecargas.&#8221;<\/strong><\/p>\n<p>\u2714 <strong>Compatibilidad:<\/strong>\u00a0Dise\u00f1ada para el modelo WB-11.24.11 (VETZ110L).<br \/>\n\u2714\u00a0<strong>Materiales de calidad:<\/strong>\u00a0Resistentes a altas temperaturas y vibraciones.<br \/>\n\u2714\u00a0<strong>Protecci\u00f3n integrada:<\/strong>\u00a0Evita sobrecargas y cortocircuitos.<br \/>\n\u2714\u00a0<strong>F\u00e1cil instalaci\u00f3n:<\/strong>\u00a0Reemplazo directo sin modificaciones.<\/p>\n<p>\u00a1Soluci\u00f3n confiable para mantener tu refrigerador en \u00f3ptimas condiciones!<\/p>\n<p>&nbsp;<\/p>\n<p>&nbsp;<\/p>\n<p><img decoding=\"async\" class=\"img-responsive lazyload\" data-src=\"https:\/\/ae01.alicdn.com\/kf\/H2286d83b061d4916b87b9925a7093a33v.jpg\" src=\"data:image\/gif;base64,R0lGODlhAQABAAAAACH5BAEKAAEALAAAAAABAAEAAAICTAEAOw==\" \/><img decoding=\"async\" class=\"img-responsive lazyload\" data-src=\"https:\/\/ae01.alicdn.com\/kf\/H7b905e44037e48f49ab657e2dc1162eeX.jpg\" src=\"data:image\/gif;base64,R0lGODlhAQABAAAAACH5BAEKAAEALAAAAAABAAEAAAICTAEAOw==\" \/><\/p>\n","protected":false},"excerpt":{"rendered":"<p>Placa de Control para Compresor de Refrigerador WB-11.24.11 (VETZ110L)\u00a0 Compatible con m\u00faltiples marcas, fabricada en materiales resistentes para garantizar un [&hellip;]<\/p>\n","protected":false},"featured_media":2230,"template":"","meta":{"_acf_changed":false,"site-sidebar-layout":"default","site-content-layout":"","ast-site-content-layout":"default","site-content-style":"default","site-sidebar-style":"default","ast-global-header-display":"","ast-banner-title-visibility":"","ast-main-header-display":"","ast-hfb-above-header-display":"","ast-hfb-below-header-display":"","ast-hfb-mobile-header-display":"","site-post-title":"","ast-breadcrumbs-content":"","ast-featured-img":"","footer-sml-layout":"","ast-disable-related-posts":"","theme-transparent-header-meta":"","adv-header-id-meta":"","stick-header-meta":"","header-above-stick-meta":"","header-main-stick-meta":"","header-below-stick-meta":"","astra-migrate-meta-layouts":"default","ast-page-background-enabled":"default","ast-page-background-meta":{"desktop":{"background-color":"var(--ast-global-color-5)","background-image":"","background-repeat":"repeat","background-position":"center center","background-size":"auto","background-attachment":"scroll","background-type":"","background-media":"","overlay-type":"","overlay-color":"","overlay-opacity":"","overlay-gradient":""},"tablet":{"background-color":"","background-image":"","background-repeat":"repeat","background-position":"center center","background-size":"auto","background-attachment":"scroll","background-type":"","background-media":"","overlay-type":"","overlay-color":"","overlay-opacity":"","overlay-gradient":""},"mobile":{"background-color":"","background-image":"","background-repeat":"repeat","background-position":"center center","background-size":"auto","background-attachment":"scroll","background-type":"","background-media":"","overlay-type":"","overlay-color":"","overlay-opacity":"","overlay-gradient":""}},"ast-content-background-meta":{"desktop":{"background-color":"var(--ast-global-color-4)","background-image":"","background-repeat":"repeat","background-position":"center center","background-size":"auto","background-attachment":"scroll","background-type":"","background-media":"","overlay-type":"","overlay-color":"","overlay-opacity":"","overlay-gradient":""},"tablet":{"background-color":"var(--ast-global-color-4)","background-image":"","background-repeat":"repeat","background-position":"center center","background-size":"auto","background-attachment":"scroll","background-type":"","background-media":"","overlay-type":"","overlay-color":"","overlay-opacity":"","overlay-gradient":""},"mobile":{"background-color":"var(--ast-global-color-4)","background-image":"","background-repeat":"repeat","background-position":"center center","background-size":"auto","background-attachment":"scroll","background-type":"","background-media":"","overlay-type":"","overlay-color":"","overlay-opacity":"","overlay-gradient":""}}},"product_brand":[],"product_cat":[203,204],"product_tag":[],"class_list":{"0":"post-2144","1":"product","2":"type-product","3":"status-publish","4":"has-post-thumbnail","6":"product_cat-electronica-y-electricidad","7":"product_cat-electronica-y-electricidad-repuestos-y-recambios","8":"desktop-align-left","9":"tablet-align-left","10":"mobile-align-left","12":"first","13":"instock","14":"shipping-taxable","15":"purchasable","16":"product-type-simple"},"acf":[],"_links":{"self":[{"href":"https:\/\/24hdinamica.com\/dinamica\/wp-json\/wp\/v2\/product\/2144","targetHints":{"allow":["GET"]}}],"collection":[{"href":"https:\/\/24hdinamica.com\/dinamica\/wp-json\/wp\/v2\/product"}],"about":[{"href":"https:\/\/24hdinamica.com\/dinamica\/wp-json\/wp\/v2\/types\/product"}],"wp:featuredmedia":[{"embeddable":true,"href":"https:\/\/24hdinamica.com\/dinamica\/wp-json\/wp\/v2\/media\/2230"}],"wp:attachment":[{"href":"https:\/\/24hdinamica.com\/dinamica\/wp-json\/wp\/v2\/media?parent=2144"}],"wp:term":[{"taxonomy":"product_brand","embeddable":true,"href":"https:\/\/24hdinamica.com\/dinamica\/wp-json\/wp\/v2\/product_brand?post=2144"},{"taxonomy":"product_cat","embeddable":true,"href":"https:\/\/24hdinamica.com\/dinamica\/wp-json\/wp\/v2\/product_cat?post=2144"},{"taxonomy":"product_tag","embeddable":true,"href":"https:\/\/24hdinamica.com\/dinamica\/wp-json\/wp\/v2\/product_tag?post=2144"}],"curies":[{"name":"wp","href":"https:\/\/api.w.org\/{rel}","templated":true}]}}