{"id":2158,"date":"2025-03-24T17:48:01","date_gmt":"2025-03-24T17:48:01","guid":{"rendered":"https:\/\/24hdinamica.com\/dinamica\/?post_type=product&#038;p=2158"},"modified":"2025-06-19T10:28:23","modified_gmt":"2025-06-19T10:28:23","slug":"placa-de-control-de-circuito-pcb-da92-00768a-da41-00782d-para-piezas-de-refrigerador-samsung","status":"publish","type":"product","link":"https:\/\/24hdinamica.com\/dinamica\/producto\/placa-de-control-de-circuito-pcb-da92-00768a-da41-00782d-para-piezas-de-refrigerador-samsung\/","title":{"rendered":"Placa de Control DA92-00768A DA41-00782D refrigerador Samsung"},"content":{"rendered":"<p><strong>Placa de Control DA92-00768A \/ DA41-00782D para refrigeradores Samsung. Pieza original de alta calidad que garantiza el funcionamiento \u00f3ptimo de tu equipo. F\u00e1cil instalaci\u00f3n y compatibilidad comprobada con modelos Samsung. \u00a1La soluci\u00f3n confiable para reparar tu refrigerador!<\/strong><\/p>\n<p><strong>Caracter\u00edsticas t\u00e9cnicas destacadas:<\/strong><br \/>\n\u2714\u00a0<strong>Compatibilidad:<\/strong>\u00a0Modelos espec\u00edficos de refrigeradores Samsung<br \/>\n\u2714\u00a0<strong>Funci\u00f3n:<\/strong>\u00a0Control principal del sistema de refrigeraci\u00f3n<br \/>\n\u2714\u00a0<strong>Material:<\/strong>\u00a0Circuitos de alta durabilidad y resistencia<br \/>\n\u2714\u00a0<strong>Garant\u00eda:<\/strong> Funcionamiento 100% comprobado<\/p>\n","protected":false},"excerpt":{"rendered":"<p>Placa de Control DA92-00768A \/ DA41-00782D para refrigeradores Samsung. Pieza original de alta calidad que garantiza el funcionamiento \u00f3ptimo de [&hellip;]<\/p>\n","protected":false},"featured_media":2977,"template":"","meta":{"_acf_changed":false,"site-sidebar-layout":"default","site-content-layout":"","ast-site-content-layout":"default","site-content-style":"default","site-sidebar-style":"default","ast-global-header-display":"","ast-banner-title-visibility":"","ast-main-header-display":"","ast-hfb-above-header-display":"","ast-hfb-below-header-display":"","ast-hfb-mobile-header-display":"","site-post-title":"","ast-breadcrumbs-content":"","ast-featured-img":"","footer-sml-layout":"","ast-disable-related-posts":"","theme-transparent-header-meta":"","adv-header-id-meta":"","stick-header-meta":"","header-above-stick-meta":"","header-main-stick-meta":"","header-below-stick-meta":"","astra-migrate-meta-layouts":"default","ast-page-background-enabled":"default","ast-page-background-meta":{"desktop":{"background-color":"var(--ast-global-color-5)","background-image":"","background-repeat":"repeat","background-position":"center center","background-size":"auto","background-attachment":"scroll","background-type":"","background-media":"","overlay-type":"","overlay-color":"","overlay-opacity":"","overlay-gradient":""},"tablet":{"background-color":"","background-image":"","background-repeat":"repeat","background-position":"center center","background-size":"auto","background-attachment":"scroll","background-type":"","background-media":"","overlay-type":"","overlay-color":"","overlay-opacity":"","overlay-gradient":""},"mobile":{"background-color":"","background-image":"","background-repeat":"repeat","background-position":"center center","background-size":"auto","background-attachment":"scroll","background-type":"","background-media":"","overlay-type":"","overlay-color":"","overlay-opacity":"","overlay-gradient":""}},"ast-content-background-meta":{"desktop":{"background-color":"var(--ast-global-color-4)","background-image":"","background-repeat":"repeat","background-position":"center center","background-size":"auto","background-attachment":"scroll","background-type":"","background-media":"","overlay-type":"","overlay-color":"","overlay-opacity":"","overlay-gradient":""},"tablet":{"background-color":"var(--ast-global-color-4)","background-image":"","background-repeat":"repeat","background-position":"center center","background-size":"auto","background-attachment":"scroll","background-type":"","background-media":"","overlay-type":"","overlay-color":"","overlay-opacity":"","overlay-gradient":""},"mobile":{"background-color":"var(--ast-global-color-4)","background-image":"","background-repeat":"repeat","background-position":"center center","background-size":"auto","background-attachment":"scroll","background-type":"","background-media":"","overlay-type":"","overlay-color":"","overlay-opacity":"","overlay-gradient":""}}},"product_brand":[],"product_cat":[203,204,15],"product_tag":[],"class_list":{"0":"post-2158","1":"product","2":"type-product","3":"status-publish","4":"has-post-thumbnail","6":"product_cat-electronica-y-electricidad","7":"product_cat-electronica-y-electricidad-repuestos-y-recambios","8":"product_cat-uncategorized","9":"desktop-align-left","10":"tablet-align-left","11":"mobile-align-left","13":"first","14":"instock","15":"shipping-taxable","16":"purchasable","17":"product-type-simple"},"acf":[],"_links":{"self":[{"href":"https:\/\/24hdinamica.com\/dinamica\/wp-json\/wp\/v2\/product\/2158","targetHints":{"allow":["GET"]}}],"collection":[{"href":"https:\/\/24hdinamica.com\/dinamica\/wp-json\/wp\/v2\/product"}],"about":[{"href":"https:\/\/24hdinamica.com\/dinamica\/wp-json\/wp\/v2\/types\/product"}],"wp:featuredmedia":[{"embeddable":true,"href":"https:\/\/24hdinamica.com\/dinamica\/wp-json\/wp\/v2\/media\/2977"}],"wp:attachment":[{"href":"https:\/\/24hdinamica.com\/dinamica\/wp-json\/wp\/v2\/media?parent=2158"}],"wp:term":[{"taxonomy":"product_brand","embeddable":true,"href":"https:\/\/24hdinamica.com\/dinamica\/wp-json\/wp\/v2\/product_brand?post=2158"},{"taxonomy":"product_cat","embeddable":true,"href":"https:\/\/24hdinamica.com\/dinamica\/wp-json\/wp\/v2\/product_cat?post=2158"},{"taxonomy":"product_tag","embeddable":true,"href":"https:\/\/24hdinamica.com\/dinamica\/wp-json\/wp\/v2\/product_tag?post=2158"}],"curies":[{"name":"wp","href":"https:\/\/api.w.org\/{rel}","templated":true}]}}