{"id":2187,"date":"2025-03-24T20:38:28","date_gmt":"2025-03-24T20:38:28","guid":{"rendered":"https:\/\/24hdinamica.com\/dinamica\/?post_type=product&#038;p=2187"},"modified":"2026-05-06T11:45:55","modified_gmt":"2026-05-06T11:45:55","slug":"bolsa-transportadora-transparente-para-gatos-mochila-de-viaje-al-aire-libre-para-gatos-perros-pequenos-bolsa-de-transporte-transpirable-para-gatos-suministros-para-mascotas","status":"publish","type":"product","link":"https:\/\/24hdinamica.com\/dinamica\/producto\/bolsa-transportadora-transparente-para-gatos-mochila-de-viaje-al-aire-libre-para-gatos-perros-pequenos-bolsa-de-transporte-transpirable-para-gatos-suministros-para-mascotas\/","title":{"rendered":"Bolsa transportadora transparente para gatos, ideal para viajes"},"content":{"rendered":"<h2>Especificaci\u00f3n:<\/h2>\n<p>Material: tela Oxford<br \/>\nTama\u00f1o: 42x27x34cm<br \/>\nColor: verde, caqui, gris<br \/>\nEl paquete incluye: 1 bolsa de transporte para gatos<\/p>\n<h2>Caracter\u00edstica:<\/h2>\n<p>1.Tejido antiincrustante y resistente a la suciedad, al polvo, antiincrustante e impermeable.<br \/>\n2. Dise\u00f1o transpirable, c\u00f3modo para salir.<\/p>\n<p><img decoding=\"async\" class=\"img-responsive lazyload\" data-src=\"https:\/\/ae01.alicdn.com\/kf\/S6cbdae13d91b4218852fcb15bb8dbf8cl.jpg\" src=\"data:image\/gif;base64,R0lGODlhAQABAAAAACH5BAEKAAEALAAAAAABAAEAAAICTAEAOw==\" \/><img decoding=\"async\" class=\"img-responsive lazyload\" data-src=\"https:\/\/ae01.alicdn.com\/kf\/S7b8e8c8d168b4d94a0d48aa362888370E.jpg\" src=\"data:image\/gif;base64,R0lGODlhAQABAAAAACH5BAEKAAEALAAAAAABAAEAAAICTAEAOw==\" \/><img decoding=\"async\" class=\"img-responsive lazyload\" data-src=\"https:\/\/ae01.alicdn.com\/kf\/Sbde75bc867524ddf997d4aa6c8e3fefap.jpg\" src=\"data:image\/gif;base64,R0lGODlhAQABAAAAACH5BAEKAAEALAAAAAABAAEAAAICTAEAOw==\" \/><img decoding=\"async\" class=\"img-responsive lazyload\" data-src=\"https:\/\/ae01.alicdn.com\/kf\/Sd10dddf71da94418a007dff107f693d5E.jpg\" src=\"data:image\/gif;base64,R0lGODlhAQABAAAAACH5BAEKAAEALAAAAAABAAEAAAICTAEAOw==\" \/><img decoding=\"async\" class=\"img-responsive lazyload\" data-src=\"https:\/\/ae01.alicdn.com\/kf\/Sf36d4150d922478881da221685721a0fx.jpg\" src=\"data:image\/gif;base64,R0lGODlhAQABAAAAACH5BAEKAAEALAAAAAABAAEAAAICTAEAOw==\" \/><img decoding=\"async\" class=\"img-responsive lazyload\" data-src=\"https:\/\/ae01.alicdn.com\/kf\/S8aa5504ad42642a3a17bac219aeed12dv.jpg\" src=\"data:image\/gif;base64,R0lGODlhAQABAAAAACH5BAEKAAEALAAAAAABAAEAAAICTAEAOw==\" \/><img decoding=\"async\" class=\"img-responsive lazyload\" data-src=\"https:\/\/ae01.alicdn.com\/kf\/S7ae294163a414095adfbba19d5144f0ef.jpg\" src=\"data:image\/gif;base64,R0lGODlhAQABAAAAACH5BAEKAAEALAAAAAABAAEAAAICTAEAOw==\" \/><img decoding=\"async\" class=\"img-responsive lazyload\" data-src=\"https:\/\/ae01.alicdn.com\/kf\/S2dfa2869af23484bae39502fe69c839dr.jpg\" src=\"data:image\/gif;base64,R0lGODlhAQABAAAAACH5BAEKAAEALAAAAAABAAEAAAICTAEAOw==\" \/><\/p>\n","protected":false},"excerpt":{"rendered":"<p>Especificaci\u00f3n: Material: tela Oxford Tama\u00f1o: 42x27x34cm Color: verde, caqui, gris El paquete incluye: 1 bolsa de transporte para gatos Caracter\u00edstica: [&hellip;]<\/p>\n","protected":false},"featured_media":2983,"template":"","meta":{"_acf_changed":false,"site-sidebar-layout":"default","site-content-layout":"","ast-site-content-layout":"default","site-content-style":"default","site-sidebar-style":"default","ast-global-header-display":"","ast-banner-title-visibility":"","ast-main-header-display":"","ast-hfb-above-header-display":"","ast-hfb-below-header-display":"","ast-hfb-mobile-header-display":"","site-post-title":"","ast-breadcrumbs-content":"","ast-featured-img":"","footer-sml-layout":"","ast-disable-related-posts":"","theme-transparent-header-meta":"","adv-header-id-meta":"","stick-header-meta":"","header-above-stick-meta":"","header-main-stick-meta":"","header-below-stick-meta":"","astra-migrate-meta-layouts":"default","ast-page-background-enabled":"default","ast-page-background-meta":{"desktop":{"background-color":"var(--ast-global-color-5)","background-image":"","background-repeat":"repeat","background-position":"center center","background-size":"auto","background-attachment":"scroll","background-type":"","background-media":"","overlay-type":"","overlay-color":"","overlay-opacity":"","overlay-gradient":""},"tablet":{"background-color":"","background-image":"","background-repeat":"repeat","background-position":"center center","background-size":"auto","background-attachment":"scroll","background-type":"","background-media":"","overlay-type":"","overlay-color":"","overlay-opacity":"","overlay-gradient":""},"mobile":{"background-color":"","background-image":"","background-repeat":"repeat","background-position":"center center","background-size":"auto","background-attachment":"scroll","background-type":"","background-media":"","overlay-type":"","overlay-color":"","overlay-opacity":"","overlay-gradient":""}},"ast-content-background-meta":{"desktop":{"background-color":"var(--ast-global-color-4)","background-image":"","background-repeat":"repeat","background-position":"center center","background-size":"auto","background-attachment":"scroll","background-type":"","background-media":"","overlay-type":"","overlay-color":"","overlay-opacity":"","overlay-gradient":""},"tablet":{"background-color":"var(--ast-global-color-4)","background-image":"","background-repeat":"repeat","background-position":"center center","background-size":"auto","background-attachment":"scroll","background-type":"","background-media":"","overlay-type":"","overlay-color":"","overlay-opacity":"","overlay-gradient":""},"mobile":{"background-color":"var(--ast-global-color-4)","background-image":"","background-repeat":"repeat","background-position":"center center","background-size":"auto","background-attachment":"scroll","background-type":"","background-media":"","overlay-type":"","overlay-color":"","overlay-opacity":"","overlay-gradient":""}}},"product_brand":[],"product_cat":[230,228,15],"product_tag":[],"class_list":{"0":"post-2187","1":"product","2":"type-product","3":"status-publish","4":"has-post-thumbnail","6":"product_cat-gatos","7":"product_cat-mascotas","8":"product_cat-uncategorized","9":"pa_color-blue","10":"pa_color-green","11":"pa_color-grey","12":"pa_color-kaki","13":"pa_color-pink","14":"desktop-align-left","15":"tablet-align-left","16":"mobile-align-left","18":"first","19":"instock","20":"shipping-taxable","21":"purchasable","22":"product-type-variable"},"acf":[],"_links":{"self":[{"href":"https:\/\/24hdinamica.com\/dinamica\/wp-json\/wp\/v2\/product\/2187","targetHints":{"allow":["GET"]}}],"collection":[{"href":"https:\/\/24hdinamica.com\/dinamica\/wp-json\/wp\/v2\/product"}],"about":[{"href":"https:\/\/24hdinamica.com\/dinamica\/wp-json\/wp\/v2\/types\/product"}],"wp:featuredmedia":[{"embeddable":true,"href":"https:\/\/24hdinamica.com\/dinamica\/wp-json\/wp\/v2\/media\/2983"}],"wp:attachment":[{"href":"https:\/\/24hdinamica.com\/dinamica\/wp-json\/wp\/v2\/media?parent=2187"}],"wp:term":[{"taxonomy":"product_brand","embeddable":true,"href":"https:\/\/24hdinamica.com\/dinamica\/wp-json\/wp\/v2\/product_brand?post=2187"},{"taxonomy":"product_cat","embeddable":true,"href":"https:\/\/24hdinamica.com\/dinamica\/wp-json\/wp\/v2\/product_cat?post=2187"},{"taxonomy":"product_tag","embeddable":true,"href":"https:\/\/24hdinamica.com\/dinamica\/wp-json\/wp\/v2\/product_tag?post=2187"}],"curies":[{"name":"wp","href":"https:\/\/api.w.org\/{rel}","templated":true}]}}