{"id":2212,"date":"2025-03-22T17:27:00","date_gmt":"2025-03-22T17:27:00","guid":{"rendered":"https:\/\/24hdinamica.com\/dinamica\/?post_type=product&#038;p=2212"},"modified":"2026-05-06T12:51:36","modified_gmt":"2026-05-06T12:51:36","slug":"aneng-m113-mini-multimetro-inteligente-digital-1999-recuentos-medidor-de-voltaje-ca-cc-ohm-ncv-instrumentos-de-medicion-herramientas-de-electricidad","status":"publish","type":"product","link":"https:\/\/24hdinamica.com\/dinamica\/producto\/aneng-m113-mini-multimetro-inteligente-digital-1999-recuentos-medidor-de-voltaje-ca-cc-ohm-ncv-instrumentos-de-medicion-herramientas-de-electricidad\/","title":{"rendered":"ANENG M113 Mini mult\u00edmetro inteligente Digital"},"content":{"rendered":"<p>ANENG M113<\/p>\n<p>Mini probador mult\u00edmetro port\u00e1til<\/p>\n<p>Descripci\u00f3n:<br \/>\nEste medidor es un mult\u00edmetro digital port\u00e1til. Tiene un rendimiento estable, bajo consumo de energ\u00eda, una estructura novedosa, segura y confiable y es el instrumento de medici\u00f3n ideal para la mayor\u00eda de usuarios.<br \/>\nEl medidor puede medir voltaje CC, voltaje CA, conectividad de resistencia y capacitancia, con funci\u00f3n de detecci\u00f3n de voltaje sin contacto, le recuerda oportunamente a los usuarios que presten atenci\u00f3n al funcionamiento de seguridad, para que los usuarios lo utilicen de forma m\u00e1s segura.<\/p>\n<p>Caracter\u00edsticas:<\/p>\n<table class=\"table table-bordered border=\" cellspacing=\"1\" cellpadding=\"1\">\n<tbody>\n<tr>\n<td align=\"center\">Funci\u00f3n<\/td>\n<td align=\"center\">Gama<\/td>\n<td align=\"center\">Resoluci\u00f3n<\/td>\n<td align=\"center\">Precisi\u00f3n<\/td>\n<\/tr>\n<tr>\n<td align=\"center\">Tensi\u00f3n CA<\/td>\n<td align=\"center\">0,2 ~ 600 V<\/td>\n<td align=\"center\">0,001 V ~ 1 V<\/td>\n<td align=\"center\">\u00b1 (1,0% lectura+5 d\u00edgitos)<\/td>\n<\/tr>\n<tr>\n<td align=\"center\">Tensi\u00f3n CC<\/td>\n<td align=\"center\">0,8 ~ 600 V<\/td>\n<td align=\"center\">0,001 V ~ 1 V<\/td>\n<td align=\"center\">\u00b1 (0,8% lectura+5 d\u00edgitos)<\/td>\n<\/tr>\n<tr>\n<td align=\"center\">Resistencia<\/td>\n<td align=\"center\">0~10M\u03a9<\/td>\n<td align=\"center\">0,1 \u03a9 ~ 0,01 M\u03a9<\/td>\n<td align=\"center\">\u00b1(1,2% de lectura+15 d\u00edgitos)<\/td>\n<\/tr>\n<tr>\n<td align=\"center\">Inducci\u00f3n NCV<\/td>\n<td align=\"center\">\u221a<\/td>\n<td align=\"center\">pitido encendido-apagado<\/td>\n<td align=\"center\">\u221a<\/td>\n<\/tr>\n<tr>\n<td align=\"center\">Identificaci\u00f3n autom\u00e1tica<\/td>\n<td align=\"center\">\u221a<\/td>\n<td align=\"center\">Retenci\u00f3n de datos<\/td>\n<td align=\"center\">\u221a<\/td>\n<\/tr>\n<tr>\n<td align=\"center\">Baja potencia<\/td>\n<td align=\"center\">\u221a<\/td>\n<td align=\"center\">Alcance autom\u00e1tico<\/td>\n<td align=\"center\">\u221a<\/td>\n<\/tr>\n<tr>\n<td align=\"center\">Recuento m\u00e1ximo<\/td>\n<td align=\"center\">Conteo 1999<\/td>\n<td align=\"center\">Modelo de bater\u00eda<\/td>\n<td align=\"center\">AAA*2(sin env\u00edo)<\/td>\n<\/tr>\n<tr>\n<td align=\"center\">Material del bol\u00edgrafo<\/td>\n<td align=\"center\">PVC\/Lat\u00f3n<\/td>\n<td align=\"center\">Longitud del bol\u00edgrafo<\/td>\n<td align=\"center\">73 cm\/28,7 pulgadas<\/td>\n<\/tr>\n<tr>\n<td align=\"center\">Apagado autom\u00e1tico<\/td>\n<td colspan=\"3\" rowspan=\"1\" align=\"center\">\u221a 15 minutos sin operaci\u00f3n se apagar\u00e1 autom\u00e1ticamente<\/td>\n<\/tr>\n<\/tbody>\n<\/table>\n<p>Lista de embalaje:<br \/>\n1 * mult\u00edmetro Digital<br \/>\n1 * cables de prueba<br \/>\n1 * Manual de usuario en ingl\u00e9s<\/p>\n<p align=\"left\">\n<p><img decoding=\"async\" class=\"img-responsive lazyload\" data-src=\"https:\/\/ae01.alicdn.com\/kf\/S5387fcacac96419895b429c87bde8620R.jpg\" src=\"data:image\/gif;base64,R0lGODlhAQABAAAAACH5BAEKAAEALAAAAAABAAEAAAICTAEAOw==\" \/><img decoding=\"async\" class=\"img-responsive lazyload\" data-src=\"https:\/\/ae01.alicdn.com\/kf\/S48c7549247b745349b5f84530b9b8188g.jpg\" src=\"data:image\/gif;base64,R0lGODlhAQABAAAAACH5BAEKAAEALAAAAAABAAEAAAICTAEAOw==\" \/><img decoding=\"async\" class=\"img-responsive lazyload\" data-src=\"https:\/\/ae01.alicdn.com\/kf\/Sb6419d370a764a298ca7f601c09751e5E.jpg\" src=\"data:image\/gif;base64,R0lGODlhAQABAAAAACH5BAEKAAEALAAAAAABAAEAAAICTAEAOw==\" \/><img decoding=\"async\" class=\"img-responsive lazyload\" data-src=\"https:\/\/ae01.alicdn.com\/kf\/Sbfe1f7cd8d2c467fb902dbf11d247477U.jpg\" src=\"data:image\/gif;base64,R0lGODlhAQABAAAAACH5BAEKAAEALAAAAAABAAEAAAICTAEAOw==\" \/><img decoding=\"async\" class=\"img-responsive lazyload\" data-src=\"https:\/\/ae01.alicdn.com\/kf\/S859ba23441f04f1ca0b6b88f193280964.jpg\" src=\"data:image\/gif;base64,R0lGODlhAQABAAAAACH5BAEKAAEALAAAAAABAAEAAAICTAEAOw==\" \/><img decoding=\"async\" class=\"img-responsive lazyload\" data-src=\"https:\/\/ae01.alicdn.com\/kf\/Sf97b4235167d42a1bed81d726415692bD.jpg\" src=\"data:image\/gif;base64,R0lGODlhAQABAAAAACH5BAEKAAEALAAAAAABAAEAAAICTAEAOw==\" \/><img decoding=\"async\" class=\"img-responsive lazyload\" data-src=\"https:\/\/ae01.alicdn.com\/kf\/Sf46246750dd44a929c1d27652f177d70u.jpg\" src=\"data:image\/gif;base64,R0lGODlhAQABAAAAACH5BAEKAAEALAAAAAABAAEAAAICTAEAOw==\" \/><img decoding=\"async\" class=\"img-responsive lazyload\" data-src=\"https:\/\/ae01.alicdn.com\/kf\/Scca14a82d72947be81129da890ae24f68.jpg\" src=\"data:image\/gif;base64,R0lGODlhAQABAAAAACH5BAEKAAEALAAAAAABAAEAAAICTAEAOw==\" \/><img decoding=\"async\" class=\"img-responsive lazyload\" data-src=\"https:\/\/ae01.alicdn.com\/kf\/S3b1ec67894734e4a91944299310ad7d8m.jpg\" src=\"data:image\/gif;base64,R0lGODlhAQABAAAAACH5BAEKAAEALAAAAAABAAEAAAICTAEAOw==\" \/><img decoding=\"async\" class=\"img-responsive lazyload\" data-src=\"https:\/\/ae01.alicdn.com\/kf\/S0482a4412ec8432292b039a0c9a1ed36K.jpg\" src=\"data:image\/gif;base64,R0lGODlhAQABAAAAACH5BAEKAAEALAAAAAABAAEAAAICTAEAOw==\" \/><img decoding=\"async\" class=\"img-responsive lazyload\" data-src=\"https:\/\/ae01.alicdn.com\/kf\/S82228dc78d314a55a3913a8e50b088aeM.jpg\" src=\"data:image\/gif;base64,R0lGODlhAQABAAAAACH5BAEKAAEALAAAAAABAAEAAAICTAEAOw==\" \/><img decoding=\"async\" class=\"img-responsive lazyload\" data-src=\"https:\/\/ae01.alicdn.com\/kf\/S521810c37d5d4d519b78407308784bf7s.jpg\" src=\"data:image\/gif;base64,R0lGODlhAQABAAAAACH5BAEKAAEALAAAAAABAAEAAAICTAEAOw==\" \/><\/p>\n","protected":false},"excerpt":{"rendered":"<p>ANENG M113 Mini probador mult\u00edmetro port\u00e1til Descripci\u00f3n: Este medidor es un mult\u00edmetro digital port\u00e1til. Tiene un rendimiento estable, bajo consumo [&hellip;]<\/p>\n","protected":false},"featured_media":2353,"template":"","meta":{"_acf_changed":false,"site-sidebar-layout":"default","site-content-layout":"","ast-site-content-layout":"default","site-content-style":"default","site-sidebar-style":"default","ast-global-header-display":"","ast-banner-title-visibility":"","ast-main-header-display":"","ast-hfb-above-header-display":"","ast-hfb-below-header-display":"","ast-hfb-mobile-header-display":"","site-post-title":"","ast-breadcrumbs-content":"","ast-featured-img":"","footer-sml-layout":"","ast-disable-related-posts":"","theme-transparent-header-meta":"","adv-header-id-meta":"","stick-header-meta":"","header-above-stick-meta":"","header-main-stick-meta":"","header-below-stick-meta":"","astra-migrate-meta-layouts":"default","ast-page-background-enabled":"default","ast-page-background-meta":{"desktop":{"background-color":"var(--ast-global-color-5)","background-image":"","background-repeat":"repeat","background-position":"center center","background-size":"auto","background-attachment":"scroll","background-type":"","background-media":"","overlay-type":"","overlay-color":"","overlay-opacity":"","overlay-gradient":""},"tablet":{"background-color":"","background-image":"","background-repeat":"repeat","background-position":"center center","background-size":"auto","background-attachment":"scroll","background-type":"","background-media":"","overlay-type":"","overlay-color":"","overlay-opacity":"","overlay-gradient":""},"mobile":{"background-color":"","background-image":"","background-repeat":"repeat","background-position":"center center","background-size":"auto","background-attachment":"scroll","background-type":"","background-media":"","overlay-type":"","overlay-color":"","overlay-opacity":"","overlay-gradient":""}},"ast-content-background-meta":{"desktop":{"background-color":"var(--ast-global-color-4)","background-image":"","background-repeat":"repeat","background-position":"center center","background-size":"auto","background-attachment":"scroll","background-type":"","background-media":"","overlay-type":"","overlay-color":"","overlay-opacity":"","overlay-gradient":""},"tablet":{"background-color":"var(--ast-global-color-4)","background-image":"","background-repeat":"repeat","background-position":"center center","background-size":"auto","background-attachment":"scroll","background-type":"","background-media":"","overlay-type":"","overlay-color":"","overlay-opacity":"","overlay-gradient":""},"mobile":{"background-color":"var(--ast-global-color-4)","background-image":"","background-repeat":"repeat","background-position":"center center","background-size":"auto","background-attachment":"scroll","background-type":"","background-media":"","overlay-type":"","overlay-color":"","overlay-opacity":"","overlay-gradient":""}}},"product_brand":[],"product_cat":[203,202,15],"product_tag":[],"class_list":{"0":"post-2212","1":"product","2":"type-product","3":"status-publish","4":"has-post-thumbnail","6":"product_cat-electronica-y-electricidad","7":"product_cat-electronica-y-electricidad-herramientas-y-materiales","8":"product_cat-uncategorized","9":"pa_color-m113-black","10":"pa_color-m113-red","11":"desktop-align-left","12":"tablet-align-left","13":"mobile-align-left","15":"first","16":"instock","17":"shipping-taxable","18":"purchasable","19":"product-type-variable"},"acf":[],"_links":{"self":[{"href":"https:\/\/24hdinamica.com\/dinamica\/wp-json\/wp\/v2\/product\/2212","targetHints":{"allow":["GET"]}}],"collection":[{"href":"https:\/\/24hdinamica.com\/dinamica\/wp-json\/wp\/v2\/product"}],"about":[{"href":"https:\/\/24hdinamica.com\/dinamica\/wp-json\/wp\/v2\/types\/product"}],"wp:featuredmedia":[{"embeddable":true,"href":"https:\/\/24hdinamica.com\/dinamica\/wp-json\/wp\/v2\/media\/2353"}],"wp:attachment":[{"href":"https:\/\/24hdinamica.com\/dinamica\/wp-json\/wp\/v2\/media?parent=2212"}],"wp:term":[{"taxonomy":"product_brand","embeddable":true,"href":"https:\/\/24hdinamica.com\/dinamica\/wp-json\/wp\/v2\/product_brand?post=2212"},{"taxonomy":"product_cat","embeddable":true,"href":"https:\/\/24hdinamica.com\/dinamica\/wp-json\/wp\/v2\/product_cat?post=2212"},{"taxonomy":"product_tag","embeddable":true,"href":"https:\/\/24hdinamica.com\/dinamica\/wp-json\/wp\/v2\/product_tag?post=2212"}],"curies":[{"name":"wp","href":"https:\/\/api.w.org\/{rel}","templated":true}]}}