{"id":3596,"date":"2025-04-06T19:23:16","date_gmt":"2025-04-06T19:23:16","guid":{"rendered":"https:\/\/24hdinamica.com\/dinamica\/?post_type=product&#038;p=3596"},"modified":"2025-06-19T19:16:33","modified_gmt":"2025-06-19T19:16:33","slug":"t12-estacion-de-soldadura-stm-32-ajuste-de-temperatura-digital-reparacion-equipo-de-soldador-juego-de-herramientas-de-reparacion-de-electronica-portatil-para-el-hogar","status":"publish","type":"product","link":"https:\/\/24hdinamica.com\/dinamica\/producto\/t12-estacion-de-soldadura-stm-32-ajuste-de-temperatura-digital-reparacion-equipo-de-soldador-juego-de-herramientas-de-reparacion-de-electronica-portatil-para-el-hogar\/","title":{"rendered":"Estaci\u00f3n de soldadura STM 32 ajuste de temperatura Digital"},"content":{"rendered":"<p>Estaci\u00f3n de soldadura digital OLED T12 instrucciones sencillas<\/p>\n<p>funciones y caracter\u00edsticas principales de la estaci\u00f3n de soldadura:<\/p>\n<p>1.rango de temperatura de 180 ~ 480C.<\/p>\n<p>2.Rango de compensaci\u00f3n de temperatura de uni\u00f3n fr\u00eda de termopar autom\u00e1tico -9-99cC (requer calibrado).<\/p>\n<p>3.Control de temperatura PID, estabilidad de temperatura \u00b1 5C (sin carga).<\/p>\n<p>4.Ahorre 5 conjuntos de temperatura.<\/p>\n<p>5.Se puede guardar por separado para cada par\u00e1metro calibrado de temperatura del cabezal, T12 admite todo tipo de l\u00edder y 6 cabezales personalizados, no se utiliza protector de cabeza (en la administraci\u00f3n de puntas de men\u00fa habilitada en su l\u00edder favorito).<\/p>\n<p>6.En espera autom\u00e1tica (se pueden configurar el tiempo de 1 a 60 minutos).<\/p>\n<p>7.Auto Sleep (suave) (se pueden configurar el tiempo de 1 a 60 minutos).<\/p>\n<p>AVISO<\/p>\n<p>Despu\u00e9s de confirmar que la instalaci\u00f3n de los componentes es correcta, las nuevas puntas de hierro se insertan en el mango y la pantalla de visualizaci\u00f3n parpadear\u00e1 o ERROR. Es normal, despu\u00e9s del calentador de 5 a 20 minutos, volver\u00e1 a la normalidad gradualmente, control de temperatura. rango de 200-450\u2103,La temperatura de soldadura com\u00fan es 300-380\u2103,SO, para proteger la vida \u00fatil de la punta del soldador, se recomienda que la temperatura no supere los 380\u2103<\/p>\n<p><img decoding=\"async\" class=\"img-responsive lazyload\" data-src=\"https:\/\/ae01.alicdn.com\/kf\/S89862cbda5664625879cbde5c1f8ea81K.png\" src=\"data:image\/gif;base64,R0lGODlhAQABAAAAACH5BAEKAAEALAAAAAABAAEAAAICTAEAOw==\" \/><img decoding=\"async\" class=\"img-responsive lazyload\" data-src=\"https:\/\/ae01.alicdn.com\/kf\/H37b02ff470c44b3d9ffa6fae74d03fe6m.jpg\" src=\"data:image\/gif;base64,R0lGODlhAQABAAAAACH5BAEKAAEALAAAAAABAAEAAAICTAEAOw==\" \/><img decoding=\"async\" class=\"img-responsive lazyload\" data-src=\"https:\/\/ae01.alicdn.com\/kf\/Hb6190eca4df14827ab34a9a89548a66aj.jpg\" src=\"data:image\/gif;base64,R0lGODlhAQABAAAAACH5BAEKAAEALAAAAAABAAEAAAICTAEAOw==\" \/><img decoding=\"async\" class=\"img-responsive lazyload\" data-src=\"https:\/\/ae01.alicdn.com\/kf\/H1e56777f9d144677932730ad21c9bc6a5.jpg\" src=\"data:image\/gif;base64,R0lGODlhAQABAAAAACH5BAEKAAEALAAAAAABAAEAAAICTAEAOw==\" \/><img decoding=\"async\" class=\"img-responsive lazyload\" data-src=\"https:\/\/ae01.alicdn.com\/kf\/H1f64df1565fa4e3caec40e9bf966c51am.jpg\" src=\"data:image\/gif;base64,R0lGODlhAQABAAAAACH5BAEKAAEALAAAAAABAAEAAAICTAEAOw==\" \/><img decoding=\"async\" class=\"img-responsive lazyload\" data-src=\"https:\/\/ae01.alicdn.com\/kf\/H6b198fa99b4944c697703252865c3bf3y.jpg\" src=\"data:image\/gif;base64,R0lGODlhAQABAAAAACH5BAEKAAEALAAAAAABAAEAAAICTAEAOw==\" \/><img decoding=\"async\" class=\"img-responsive lazyload\" data-src=\"https:\/\/ae01.alicdn.com\/kf\/H5147fbdc836b485dbb143724103668a1L.jpg\" src=\"data:image\/gif;base64,R0lGODlhAQABAAAAACH5BAEKAAEALAAAAAABAAEAAAICTAEAOw==\" \/><\/p>\n","protected":false},"excerpt":{"rendered":"<p>Estaci\u00f3n de soldadura digital OLED T12 instrucciones sencillas funciones y caracter\u00edsticas principales de la estaci\u00f3n de soldadura: 1.rango de temperatura [&hellip;]<\/p>\n","protected":false},"featured_media":3519,"template":"","meta":{"_acf_changed":false,"site-sidebar-layout":"default","site-content-layout":"","ast-site-content-layout":"default","site-content-style":"default","site-sidebar-style":"default","ast-global-header-display":"","ast-banner-title-visibility":"","ast-main-header-display":"","ast-hfb-above-header-display":"","ast-hfb-below-header-display":"","ast-hfb-mobile-header-display":"","site-post-title":"","ast-breadcrumbs-content":"","ast-featured-img":"","footer-sml-layout":"","ast-disable-related-posts":"","theme-transparent-header-meta":"default","adv-header-id-meta":"","stick-header-meta":"","header-above-stick-meta":"","header-main-stick-meta":"","header-below-stick-meta":"","astra-migrate-meta-layouts":"set","ast-page-background-enabled":"default","ast-page-background-meta":{"desktop":{"background-color":"var(--ast-global-color-5)","background-image":"","background-repeat":"repeat","background-position":"center center","background-size":"auto","background-attachment":"scroll","background-type":"","background-media":"","overlay-type":"","overlay-color":"","overlay-opacity":"","overlay-gradient":""},"tablet":{"background-color":"","background-image":"","background-repeat":"repeat","background-position":"center center","background-size":"auto","background-attachment":"scroll","background-type":"","background-media":"","overlay-type":"","overlay-color":"","overlay-opacity":"","overlay-gradient":""},"mobile":{"background-color":"","background-image":"","background-repeat":"repeat","background-position":"center center","background-size":"auto","background-attachment":"scroll","background-type":"","background-media":"","overlay-type":"","overlay-color":"","overlay-opacity":"","overlay-gradient":""}},"ast-content-background-meta":{"desktop":{"background-color":"var(--ast-global-color-4)","background-image":"","background-repeat":"repeat","background-position":"center center","background-size":"auto","background-attachment":"scroll","background-type":"","background-media":"","overlay-type":"","overlay-color":"","overlay-opacity":"","overlay-gradient":""},"tablet":{"background-color":"var(--ast-global-color-4)","background-image":"","background-repeat":"repeat","background-position":"center center","background-size":"auto","background-attachment":"scroll","background-type":"","background-media":"","overlay-type":"","overlay-color":"","overlay-opacity":"","overlay-gradient":""},"mobile":{"background-color":"var(--ast-global-color-4)","background-image":"","background-repeat":"repeat","background-position":"center center","background-size":"auto","background-attachment":"scroll","background-type":"","background-media":"","overlay-type":"","overlay-color":"","overlay-opacity":"","overlay-gradient":""}}},"product_brand":[],"product_cat":[203,202,15],"product_tag":[],"class_list":{"0":"post-3596","1":"product","2":"type-product","3":"status-publish","4":"has-post-thumbnail","6":"product_cat-electronica-y-electricidad","7":"product_cat-electronica-y-electricidad-herramientas-y-materiales","8":"product_cat-uncategorized","9":"pa_color-a1","10":"pa_color-b2","11":"pa_color-c3","12":"pa_color-d4","13":"pa_color-e5","14":"pa_color-only-stm32-host","15":"pa_enviado-desde-china","16":"pa_ships-from-espana","17":"pa_ships-from-federacion-rusa","18":"pa_voltaje-eu-plug-220v","19":"pa_voltaje-us-plug-110v","20":"desktop-align-left","21":"tablet-align-left","22":"mobile-align-left","24":"first","25":"instock","26":"shipping-taxable","27":"purchasable","28":"product-type-variable"},"acf":[],"_links":{"self":[{"href":"https:\/\/24hdinamica.com\/dinamica\/wp-json\/wp\/v2\/product\/3596","targetHints":{"allow":["GET"]}}],"collection":[{"href":"https:\/\/24hdinamica.com\/dinamica\/wp-json\/wp\/v2\/product"}],"about":[{"href":"https:\/\/24hdinamica.com\/dinamica\/wp-json\/wp\/v2\/types\/product"}],"wp:featuredmedia":[{"embeddable":true,"href":"https:\/\/24hdinamica.com\/dinamica\/wp-json\/wp\/v2\/media\/3519"}],"wp:attachment":[{"href":"https:\/\/24hdinamica.com\/dinamica\/wp-json\/wp\/v2\/media?parent=3596"}],"wp:term":[{"taxonomy":"product_brand","embeddable":true,"href":"https:\/\/24hdinamica.com\/dinamica\/wp-json\/wp\/v2\/product_brand?post=3596"},{"taxonomy":"product_cat","embeddable":true,"href":"https:\/\/24hdinamica.com\/dinamica\/wp-json\/wp\/v2\/product_cat?post=3596"},{"taxonomy":"product_tag","embeddable":true,"href":"https:\/\/24hdinamica.com\/dinamica\/wp-json\/wp\/v2\/product_tag?post=3596"}],"curies":[{"name":"wp","href":"https:\/\/api.w.org\/{rel}","templated":true}]}}