{"id":3791,"date":"2025-04-13T12:11:30","date_gmt":"2025-04-13T12:11:30","guid":{"rendered":"https:\/\/24hdinamica.com\/dinamica\/?post_type=product&#038;p=3791"},"modified":"2026-05-06T12:51:35","modified_gmt":"2026-05-06T12:51:35","slug":"toallita-de-limpieza-reutilizable-pano-de-cocina-para-el-hogar-rollos-de-toallas-de-microfibra-trapos-para-platos-reemplazo-de-toallas-de-papel-de-lavado-1-rollo-de-20-hojas","status":"publish","type":"product","link":"https:\/\/24hdinamica.com\/dinamica\/producto\/toallita-de-limpieza-reutilizable-pano-de-cocina-para-el-hogar-rollos-de-toallas-de-microfibra-trapos-para-platos-reemplazo-de-toallas-de-papel-de-lavado-1-rollo-de-20-hojas\/","title":{"rendered":"Pa\u00f1os de limpieza reutilizable para cocina y m\u00e1sr, 1 rollo de 20 hojas"},"content":{"rendered":"<p>Acerca de este art\u00edculo:<br \/>\n\u2605TAMA\u00d1O: 25&#215;25 cm cada hoja, 20 hojas\/rollo.<br \/>\n\u260520 hojas\/rollo: las toallitas est\u00e1n en un rollo, como un rollo de toallas de papel y caben en su soporte para toallas de papel. Est\u00e1n perforadas para que pueda arrancar el tama\u00f1o que necesita.<br \/>\n\u2605Prop\u00f3sito: Ideal para secar platos y limpiar mesas peque\u00f1as en la cocina, una soluci\u00f3n pr\u00e1ctica para la limpieza diaria.<br \/>\n\u2605Reutilizable: no dejan pelusas como toallas de papel, puede lavarse muchas veces antes que se desgasten.<br \/>\n\u2605 Ahorrar\u00e1 mucho dinero en comparaci\u00f3n con las toallas de papel de cocina a largo plazo.<\/p>\n<p><img decoding=\"async\" class=\"img-responsive lazyload\" data-src=\"https:\/\/ae01.alicdn.com\/kf\/S8eac13a945164b5aa81df747f83ab8adO.jpg\" src=\"data:image\/gif;base64,R0lGODlhAQABAAAAACH5BAEKAAEALAAAAAABAAEAAAICTAEAOw==\" \/><img decoding=\"async\" class=\"img-responsive lazyload\" data-src=\"https:\/\/ae01.alicdn.com\/kf\/S2bbbc51913974728bd0692207669a683r.jpg\" src=\"data:image\/gif;base64,R0lGODlhAQABAAAAACH5BAEKAAEALAAAAAABAAEAAAICTAEAOw==\" \/><img decoding=\"async\" class=\"img-responsive lazyload\" data-src=\"https:\/\/ae01.alicdn.com\/kf\/S7c635f74a08d47e19ddaf802daf1f4bfM.jpg\" src=\"data:image\/gif;base64,R0lGODlhAQABAAAAACH5BAEKAAEALAAAAAABAAEAAAICTAEAOw==\" \/><img decoding=\"async\" class=\"img-responsive lazyload\" data-src=\"https:\/\/ae01.alicdn.com\/kf\/S90c4e3e5dccf40e29841f4029433d634Y.jpg\" src=\"data:image\/gif;base64,R0lGODlhAQABAAAAACH5BAEKAAEALAAAAAABAAEAAAICTAEAOw==\" \/><img decoding=\"async\" class=\"img-responsive lazyload\" data-src=\"https:\/\/ae01.alicdn.com\/kf\/Sbf70907cea2040eb929b1e562f1aec401.jpg\" src=\"data:image\/gif;base64,R0lGODlhAQABAAAAACH5BAEKAAEALAAAAAABAAEAAAICTAEAOw==\" \/><img decoding=\"async\" class=\"img-responsive lazyload\" data-src=\"https:\/\/ae01.alicdn.com\/kf\/Sd96efaab419e4aa6be50536b64b925d31.jpg\" src=\"data:image\/gif;base64,R0lGODlhAQABAAAAACH5BAEKAAEALAAAAAABAAEAAAICTAEAOw==\" \/><img decoding=\"async\" class=\"img-responsive lazyload\" data-src=\"https:\/\/ae01.alicdn.com\/kf\/S1de69e053ec640ebb491035d2af40b0bN.jpg\" src=\"data:image\/gif;base64,R0lGODlhAQABAAAAACH5BAEKAAEALAAAAAABAAEAAAICTAEAOw==\" \/><img decoding=\"async\" class=\"img-responsive lazyload\" data-src=\"https:\/\/ae01.alicdn.com\/kf\/S026542a6a7b745088c034b1c77105037x.jpg\" src=\"data:image\/gif;base64,R0lGODlhAQABAAAAACH5BAEKAAEALAAAAAABAAEAAAICTAEAOw==\" \/><img decoding=\"async\" class=\"img-responsive lazyload\" data-src=\"https:\/\/ae01.alicdn.com\/kf\/S759458145f65441295fbd98493b29effY.jpg\" src=\"data:image\/gif;base64,R0lGODlhAQABAAAAACH5BAEKAAEALAAAAAABAAEAAAICTAEAOw==\" \/><img decoding=\"async\" class=\"img-responsive lazyload\" data-src=\"https:\/\/ae01.alicdn.com\/kf\/Sb3734b157ce94e41868637293774bc4dn.jpg\" src=\"data:image\/gif;base64,R0lGODlhAQABAAAAACH5BAEKAAEALAAAAAABAAEAAAICTAEAOw==\" \/><\/p>\n","protected":false},"excerpt":{"rendered":"<p>Acerca de este art\u00edculo: \u2605TAMA\u00d1O: 25&#215;25 cm cada hoja, 20 hojas\/rollo. \u260520 hojas\/rollo: las toallitas est\u00e1n en un rollo, como [&hellip;]<\/p>\n","protected":false},"featured_media":3792,"template":"","meta":{"_acf_changed":false,"site-sidebar-layout":"default","site-content-layout":"","ast-site-content-layout":"default","site-content-style":"default","site-sidebar-style":"default","ast-global-header-display":"","ast-banner-title-visibility":"","ast-main-header-display":"","ast-hfb-above-header-display":"","ast-hfb-below-header-display":"","ast-hfb-mobile-header-display":"","site-post-title":"","ast-breadcrumbs-content":"","ast-featured-img":"","footer-sml-layout":"","ast-disable-related-posts":"","theme-transparent-header-meta":"default","adv-header-id-meta":"","stick-header-meta":"","header-above-stick-meta":"","header-main-stick-meta":"","header-below-stick-meta":"","astra-migrate-meta-layouts":"set","ast-page-background-enabled":"default","ast-page-background-meta":{"desktop":{"background-color":"var(--ast-global-color-5)","background-image":"","background-repeat":"repeat","background-position":"center center","background-size":"auto","background-attachment":"scroll","background-type":"","background-media":"","overlay-type":"","overlay-color":"","overlay-opacity":"","overlay-gradient":""},"tablet":{"background-color":"","background-image":"","background-repeat":"repeat","background-position":"center center","background-size":"auto","background-attachment":"scroll","background-type":"","background-media":"","overlay-type":"","overlay-color":"","overlay-opacity":"","overlay-gradient":""},"mobile":{"background-color":"","background-image":"","background-repeat":"repeat","background-position":"center center","background-size":"auto","background-attachment":"scroll","background-type":"","background-media":"","overlay-type":"","overlay-color":"","overlay-opacity":"","overlay-gradient":""}},"ast-content-background-meta":{"desktop":{"background-color":"var(--ast-global-color-4)","background-image":"","background-repeat":"repeat","background-position":"center center","background-size":"auto","background-attachment":"scroll","background-type":"","background-media":"","overlay-type":"","overlay-color":"","overlay-opacity":"","overlay-gradient":""},"tablet":{"background-color":"var(--ast-global-color-4)","background-image":"","background-repeat":"repeat","background-position":"center center","background-size":"auto","background-attachment":"scroll","background-type":"","background-media":"","overlay-type":"","overlay-color":"","overlay-opacity":"","overlay-gradient":""},"mobile":{"background-color":"var(--ast-global-color-4)","background-image":"","background-repeat":"repeat","background-position":"center center","background-size":"auto","background-attachment":"scroll","background-type":"","background-media":"","overlay-type":"","overlay-color":"","overlay-opacity":"","overlay-gradient":""}}},"product_brand":[],"product_cat":[450,451,15],"product_tag":[],"class_list":{"0":"post-3791","1":"product","2":"type-product","3":"status-publish","4":"has-post-thumbnail","6":"product_cat-hogar","7":"product_cat-miscelaneos","8":"product_cat-uncategorized","9":"pa_color-blue","10":"pa_color-cyan","11":"pa_color-gray","12":"pa_color-green","13":"pa_color-light-blue","14":"pa_color-pink","15":"pa_color-purple","16":"pa_color-red","17":"desktop-align-left","18":"tablet-align-left","19":"mobile-align-left","21":"first","22":"instock","23":"shipping-taxable","24":"purchasable","25":"product-type-variable"},"acf":[],"_links":{"self":[{"href":"https:\/\/24hdinamica.com\/dinamica\/wp-json\/wp\/v2\/product\/3791","targetHints":{"allow":["GET"]}}],"collection":[{"href":"https:\/\/24hdinamica.com\/dinamica\/wp-json\/wp\/v2\/product"}],"about":[{"href":"https:\/\/24hdinamica.com\/dinamica\/wp-json\/wp\/v2\/types\/product"}],"wp:featuredmedia":[{"embeddable":true,"href":"https:\/\/24hdinamica.com\/dinamica\/wp-json\/wp\/v2\/media\/3792"}],"wp:attachment":[{"href":"https:\/\/24hdinamica.com\/dinamica\/wp-json\/wp\/v2\/media?parent=3791"}],"wp:term":[{"taxonomy":"product_brand","embeddable":true,"href":"https:\/\/24hdinamica.com\/dinamica\/wp-json\/wp\/v2\/product_brand?post=3791"},{"taxonomy":"product_cat","embeddable":true,"href":"https:\/\/24hdinamica.com\/dinamica\/wp-json\/wp\/v2\/product_cat?post=3791"},{"taxonomy":"product_tag","embeddable":true,"href":"https:\/\/24hdinamica.com\/dinamica\/wp-json\/wp\/v2\/product_tag?post=3791"}],"curies":[{"name":"wp","href":"https:\/\/api.w.org\/{rel}","templated":true}]}}