{"id":3966,"date":"2025-04-13T12:48:24","date_gmt":"2025-04-13T12:48:24","guid":{"rendered":"https:\/\/24hdinamica.com\/dinamica\/?post_type=product&#038;p=3966"},"modified":"2025-06-19T15:45:20","modified_gmt":"2025-06-19T15:45:20","slug":"zapatos-de-futbol-para-ninos-zapatos-ultraligeros-de-entrenamiento-rapido-con-tachuelas-de-futbol-sala-botas-de-campo-de-futbol-profesionales-antideslizantes-para-exteriores","status":"publish","type":"product","link":"https:\/\/24hdinamica.com\/dinamica\/producto\/zapatos-de-futbol-para-ninos-zapatos-ultraligeros-de-entrenamiento-rapido-con-tachuelas-de-futbol-sala-botas-de-campo-de-futbol-profesionales-antideslizantes-para-exteriores\/","title":{"rendered":"Zapatos de f\u00fatbol para ni\u00f1os, ultraligeros de entrenamiento r\u00e1pido con tachuelas de f\u00fatbol sala, antideslizantes"},"content":{"rendered":"<p><img decoding=\"async\" class=\"img-responsive lazyload\" data-src=\"https:\/\/ae01.alicdn.com\/kf\/A70e97531f2134eb0b1333103639ba8f5L.jpg\" src=\"data:image\/gif;base64,R0lGODlhAQABAAAAACH5BAEKAAEALAAAAAABAAEAAAICTAEAOw==\" \/><img decoding=\"async\" class=\"img-responsive lazyload\" data-src=\"https:\/\/ae01.alicdn.com\/kf\/S637ee39d4b7246919f6a1af7593e212eD.jpg\" src=\"data:image\/gif;base64,R0lGODlhAQABAAAAACH5BAEKAAEALAAAAAABAAEAAAICTAEAOw==\" \/><img decoding=\"async\" class=\"img-responsive lazyload\" data-src=\"https:\/\/ae01.alicdn.com\/kf\/S62d1ea3aa2d84d92bf9e812ce9129fff6.jpg\" src=\"data:image\/gif;base64,R0lGODlhAQABAAAAACH5BAEKAAEALAAAAAABAAEAAAICTAEAOw==\" \/><img decoding=\"async\" class=\"img-responsive lazyload\" data-src=\"https:\/\/ae01.alicdn.com\/kf\/S08fefb45ed2c4bcbbdb2ae3ecba73954q.jpg\" src=\"data:image\/gif;base64,R0lGODlhAQABAAAAACH5BAEKAAEALAAAAAABAAEAAAICTAEAOw==\" \/><img decoding=\"async\" class=\"img-responsive lazyload\" data-src=\"https:\/\/ae01.alicdn.com\/kf\/Sd2a59e456f3f47baac79f6fab0380607j.jpg\" src=\"data:image\/gif;base64,R0lGODlhAQABAAAAACH5BAEKAAEALAAAAAABAAEAAAICTAEAOw==\" \/><img decoding=\"async\" class=\"img-responsive lazyload\" data-src=\"https:\/\/ae01.alicdn.com\/kf\/S2e42548bf45c42039149b2f6d69f1968m.jpg\" src=\"data:image\/gif;base64,R0lGODlhAQABAAAAACH5BAEKAAEALAAAAAABAAEAAAICTAEAOw==\" \/><img decoding=\"async\" class=\"img-responsive lazyload\" data-src=\"https:\/\/ae01.alicdn.com\/kf\/S5515d0ef060f40949c7312fe34701055l.jpg\" src=\"data:image\/gif;base64,R0lGODlhAQABAAAAACH5BAEKAAEALAAAAAABAAEAAAICTAEAOw==\" \/><img decoding=\"async\" class=\"img-responsive lazyload\" data-src=\"https:\/\/ae01.alicdn.com\/kf\/S2d01e5b5fc7c4b528d68daee4bc52d28s.jpg\" src=\"data:image\/gif;base64,R0lGODlhAQABAAAAACH5BAEKAAEALAAAAAABAAEAAAICTAEAOw==\" \/><img decoding=\"async\" class=\"img-responsive lazyload\" data-src=\"https:\/\/ae01.alicdn.com\/kf\/S2ba903c25a144c86bf1d8de534888a36p.jpg\" src=\"data:image\/gif;base64,R0lGODlhAQABAAAAACH5BAEKAAEALAAAAAABAAEAAAICTAEAOw==\" \/><img decoding=\"async\" class=\"img-responsive lazyload\" data-src=\"https:\/\/ae01.alicdn.com\/kf\/Se2615adebb604bd1aa88861c67e03353g.jpg\" src=\"data:image\/gif;base64,R0lGODlhAQABAAAAACH5BAEKAAEALAAAAAABAAEAAAICTAEAOw==\" \/><img decoding=\"async\" class=\"img-responsive lazyload\" data-src=\"https:\/\/ae01.alicdn.com\/kf\/Sc628a87ed19b43d0b981a1a825b7f705r.jpg\" src=\"data:image\/gif;base64,R0lGODlhAQABAAAAACH5BAEKAAEALAAAAAABAAEAAAICTAEAOw==\" \/><img decoding=\"async\" class=\"img-responsive lazyload\" data-src=\"https:\/\/ae01.alicdn.com\/kf\/S586877a68cd44f888dd5ce0916c1f132i.jpg\" src=\"data:image\/gif;base64,R0lGODlhAQABAAAAACH5BAEKAAEALAAAAAABAAEAAAICTAEAOw==\" \/><img decoding=\"async\" class=\"img-responsive lazyload\" data-src=\"https:\/\/ae01.alicdn.com\/kf\/Sb80b36894139493c953138e7370fd640R.jpg\" src=\"data:image\/gif;base64,R0lGODlhAQABAAAAACH5BAEKAAEALAAAAAABAAEAAAICTAEAOw==\" \/><img decoding=\"async\" class=\"img-responsive lazyload\" data-src=\"https:\/\/ae01.alicdn.com\/kf\/Sbc3a3c6839bb47d8ae8c5f01ea8918ec6.jpg\" src=\"data:image\/gif;base64,R0lGODlhAQABAAAAACH5BAEKAAEALAAAAAABAAEAAAICTAEAOw==\" \/><img decoding=\"async\" class=\"img-responsive lazyload\" data-src=\"https:\/\/ae01.alicdn.com\/kf\/S994d321700b04a07ac3e22a645e43f497.jpg\" src=\"data:image\/gif;base64,R0lGODlhAQABAAAAACH5BAEKAAEALAAAAAABAAEAAAICTAEAOw==\" \/><img decoding=\"async\" class=\"img-responsive lazyload\" data-src=\"https:\/\/ae01.alicdn.com\/kf\/S43edc977110043f19b257ac0069f346eS.jpg\" src=\"data:image\/gif;base64,R0lGODlhAQABAAAAACH5BAEKAAEALAAAAAABAAEAAAICTAEAOw==\" \/><img decoding=\"async\" class=\"img-responsive lazyload\" data-src=\"https:\/\/ae01.alicdn.com\/kf\/S7b4e9e8570c94e8aa254ab6bb909f1ddD.jpg\" src=\"data:image\/gif;base64,R0lGODlhAQABAAAAACH5BAEKAAEALAAAAAABAAEAAAICTAEAOw==\" \/><img decoding=\"async\" class=\"img-responsive lazyload\" data-src=\"https:\/\/ae01.alicdn.com\/kf\/S9a48f1b5a4c5428c9b3ee13d9517461fW.jpg\" src=\"data:image\/gif;base64,R0lGODlhAQABAAAAACH5BAEKAAEALAAAAAABAAEAAAICTAEAOw==\" \/><img decoding=\"async\" class=\"img-responsive lazyload\" data-src=\"https:\/\/ae01.alicdn.com\/kf\/S3017e5b58c94427ea7f4d44d341c7ffdz.jpg\" src=\"data:image\/gif;base64,R0lGODlhAQABAAAAACH5BAEKAAEALAAAAAABAAEAAAICTAEAOw==\" \/><img decoding=\"async\" class=\"img-responsive lazyload\" data-src=\"https:\/\/ae01.alicdn.com\/kf\/Sf7caf92b1f4e475f867efba414b2171bR.jpg\" src=\"data:image\/gif;base64,R0lGODlhAQABAAAAACH5BAEKAAEALAAAAAABAAEAAAICTAEAOw==\" \/><img decoding=\"async\" class=\"img-responsive lazyload\" data-src=\"https:\/\/ae01.alicdn.com\/kf\/S8b795418f61842a2ac500be858626848K.jpg\" src=\"data:image\/gif;base64,R0lGODlhAQABAAAAACH5BAEKAAEALAAAAAABAAEAAAICTAEAOw==\" \/><img decoding=\"async\" class=\"img-responsive lazyload\" data-src=\"https:\/\/ae01.alicdn.com\/kf\/Sef6fc60c88f24584b627ef6d98d62aaeb.jpg\" src=\"data:image\/gif;base64,R0lGODlhAQABAAAAACH5BAEKAAEALAAAAAABAAEAAAICTAEAOw==\" \/><img decoding=\"async\" class=\"img-responsive lazyload\" data-src=\"https:\/\/ae01.alicdn.com\/kf\/S480d3885c571447890a894126ccd87345.jpg\" src=\"data:image\/gif;base64,R0lGODlhAQABAAAAACH5BAEKAAEALAAAAAABAAEAAAICTAEAOw==\" \/><img decoding=\"async\" class=\"img-responsive lazyload\" data-src=\"https:\/\/ae01.alicdn.com\/kf\/Sd4eba6106774495bad9f8aaf1a630ccam.jpg\" src=\"data:image\/gif;base64,R0lGODlhAQABAAAAACH5BAEKAAEALAAAAAABAAEAAAICTAEAOw==\" \/><img decoding=\"async\" class=\"img-responsive lazyload\" data-src=\"https:\/\/ae01.alicdn.com\/kf\/S950fe4aa55524eed8b9b83fdae36a7adn.jpg\" src=\"data:image\/gif;base64,R0lGODlhAQABAAAAACH5BAEKAAEALAAAAAABAAEAAAICTAEAOw==\" \/><\/p>\n","protected":false},"excerpt":{"rendered":"","protected":false},"featured_media":4603,"template":"","meta":{"_acf_changed":false,"site-sidebar-layout":"default","site-content-layout":"","ast-site-content-layout":"default","site-content-style":"default","site-sidebar-style":"default","ast-global-header-display":"","ast-banner-title-visibility":"","ast-main-header-display":"","ast-hfb-above-header-display":"","ast-hfb-below-header-display":"","ast-hfb-mobile-header-display":"","site-post-title":"","ast-breadcrumbs-content":"","ast-featured-img":"","footer-sml-layout":"","ast-disable-related-posts":"","theme-transparent-header-meta":"default","adv-header-id-meta":"","stick-header-meta":"","header-above-stick-meta":"","header-main-stick-meta":"","header-below-stick-meta":"","astra-migrate-meta-layouts":"set","ast-page-background-enabled":"default","ast-page-background-meta":{"desktop":{"background-color":"var(--ast-global-color-5)","background-image":"","background-repeat":"repeat","background-position":"center center","background-size":"auto","background-attachment":"scroll","background-type":"","background-media":"","overlay-type":"","overlay-color":"","overlay-opacity":"","overlay-gradient":""},"tablet":{"background-color":"","background-image":"","background-repeat":"repeat","background-position":"center center","background-size":"auto","background-attachment":"scroll","background-type":"","background-media":"","overlay-type":"","overlay-color":"","overlay-opacity":"","overlay-gradient":""},"mobile":{"background-color":"","background-image":"","background-repeat":"repeat","background-position":"center center","background-size":"auto","background-attachment":"scroll","background-type":"","background-media":"","overlay-type":"","overlay-color":"","overlay-opacity":"","overlay-gradient":""}},"ast-content-background-meta":{"desktop":{"background-color":"var(--ast-global-color-4)","background-image":"","background-repeat":"repeat","background-position":"center center","background-size":"auto","background-attachment":"scroll","background-type":"","background-media":"","overlay-type":"","overlay-color":"","overlay-opacity":"","overlay-gradient":""},"tablet":{"background-color":"var(--ast-global-color-4)","background-image":"","background-repeat":"repeat","background-position":"center center","background-size":"auto","background-attachment":"scroll","background-type":"","background-media":"","overlay-type":"","overlay-color":"","overlay-opacity":"","overlay-gradient":""},"mobile":{"background-color":"var(--ast-global-color-4)","background-image":"","background-repeat":"repeat","background-position":"center center","background-size":"auto","background-attachment":"scroll","background-type":"","background-media":"","overlay-type":"","overlay-color":"","overlay-opacity":"","overlay-gradient":""}}},"product_brand":[],"product_cat":[277,15,275],"product_tag":[],"class_list":{"0":"post-3966","1":"product","2":"type-product","3":"status-publish","4":"has-post-thumbnail","6":"product_cat-zapatos-deportivos","7":"product_cat-uncategorized","8":"product_cat-zapatos","9":"pa_color-2402-c-black","10":"pa_color-2402-c-moon","11":"pa_color-2402-c-white-blue","12":"pa_color-2402-c-white-red","13":"pa_enviado-desde-china","14":"pa_tamano-del-zapa-471","15":"pa_tamano-del-zapa-472","16":"pa_tamano-del-zapa-473","17":"pa_tamano-del-zapa-469","18":"pa_tamano-del-zapa-470","19":"pa_tamano-del-zapa-333","20":"pa_tamano-del-zapa-346","21":"pa_tamano-del-zapa-345","22":"pa_tamano-del-zapa-342","23":"desktop-align-left","24":"tablet-align-left","25":"mobile-align-left","27":"first","28":"instock","29":"shipping-taxable","30":"purchasable","31":"product-type-variable"},"acf":[],"_links":{"self":[{"href":"https:\/\/24hdinamica.com\/dinamica\/wp-json\/wp\/v2\/product\/3966","targetHints":{"allow":["GET"]}}],"collection":[{"href":"https:\/\/24hdinamica.com\/dinamica\/wp-json\/wp\/v2\/product"}],"about":[{"href":"https:\/\/24hdinamica.com\/dinamica\/wp-json\/wp\/v2\/types\/product"}],"wp:featuredmedia":[{"embeddable":true,"href":"https:\/\/24hdinamica.com\/dinamica\/wp-json\/wp\/v2\/media\/4603"}],"wp:attachment":[{"href":"https:\/\/24hdinamica.com\/dinamica\/wp-json\/wp\/v2\/media?parent=3966"}],"wp:term":[{"taxonomy":"product_brand","embeddable":true,"href":"https:\/\/24hdinamica.com\/dinamica\/wp-json\/wp\/v2\/product_brand?post=3966"},{"taxonomy":"product_cat","embeddable":true,"href":"https:\/\/24hdinamica.com\/dinamica\/wp-json\/wp\/v2\/product_cat?post=3966"},{"taxonomy":"product_tag","embeddable":true,"href":"https:\/\/24hdinamica.com\/dinamica\/wp-json\/wp\/v2\/product_tag?post=3966"}],"curies":[{"name":"wp","href":"https:\/\/api.w.org\/{rel}","templated":true}]}}