{"id":4730,"date":"2025-04-13T13:57:52","date_gmt":"2025-04-13T13:57:52","guid":{"rendered":"https:\/\/24hdinamica.com\/dinamica\/?post_type=product&#038;p=4730"},"modified":"2025-06-19T19:16:37","modified_gmt":"2025-06-19T19:16:37","slug":"chaqueta-de-motocicleta-chaleco-salvavidas-de-seguridad-chaqueta-de-motocicleta-bolsa-de-aire-para-motocicleta-chaleco-airbag-para-moto-chaleco-para-carreras-de-motocross-airbag-ce","status":"publish","type":"product","link":"https:\/\/24hdinamica.com\/dinamica\/producto\/chaqueta-de-motocicleta-chaleco-salvavidas-de-seguridad-chaqueta-de-motocicleta-bolsa-de-aire-para-motocicleta-chaleco-airbag-para-moto-chaleco-para-carreras-de-motocross-airbag-ce\/","title":{"rendered":"Chaleco salvavidas de seguridad, con bolsa de aire para motocicleta, chaleco Airbag"},"content":{"rendered":"<p>Aviso: Estimado comprador, es solo el chaleco<br \/>\n\u00a1es sin cilindro de gas CO2!!<\/p>\n<p>Por favor compre un cilindro de gas CO2: 45 g, 60 CC<\/p>\n<p>&nbsp;<\/p>\n<p align=\"left\">Caracter\u00edsticas:<\/p>\n<p>1. Con la resistencia del alambre de nailon, la estructura compuesta multicapa est\u00e1 unida verticalmente.<br \/>\nPuede soportar la tracci\u00f3n de todas las direcciones sin romperse,<br \/>\n2.Fuerte resistencia al desgaste, adopte una tela jacquard, con excelente resistencia a la abrasi\u00f3n,<br \/>\nLa resistencia al desgarro, resistente y duradero, buen sentido de la mano, peso ligero, color suave y estable, f\u00e1cil de cuidar, etc.<br \/>\n3.Un nuevo tipo de material reflectante que se introdujo en 2005.<br \/>\nUtilizando la t\u00e9cnica de reflexi\u00f3n de regresi\u00f3n de microprisma, la intensidad reflectante alcanza los 300 cd\/lx\/m2<\/p>\n<p>&nbsp;<\/p>\n<p>El paquete incluye:<\/p>\n<p>Chaleco protector con bolsa de aire (instalaci\u00f3n de botella de aire y cable de extensi\u00f3n)<br \/>\nEstructura multicapa resistente al impacto armadura 1<br \/>\nManual 1.Utilice la tarjeta de instrucciones 2<br \/>\nLa llave hexagonal y el tornillo superior cada uno<\/p>\n<p>Ajuste: chaleco reflectante de motocicleta, chaleco reflectante, chaqueta de motocicleta, chaqueta de carreras,Protecci\u00f3n Moto<\/p>\n<p><img decoding=\"async\" class=\"img-responsive lazyload\" data-src=\"https:\/\/ae01.alicdn.com\/kf\/S909934f5ebd648c49b9e3fa745a51e763.jpg\" src=\"data:image\/gif;base64,R0lGODlhAQABAAAAACH5BAEKAAEALAAAAAABAAEAAAICTAEAOw==\" \/><img decoding=\"async\" class=\"img-responsive lazyload\" data-src=\"https:\/\/ae-pic-a1.aliexpress-media.com\/kf\/Sb84ee8e0041e480ca5e0d08c9422e722w.jpg\" src=\"data:image\/gif;base64,R0lGODlhAQABAAAAACH5BAEKAAEALAAAAAABAAEAAAICTAEAOw==\" \/><img decoding=\"async\" class=\"img-responsive lazyload\" data-src=\"https:\/\/ae-pic-a1.aliexpress-media.com\/kf\/Sb83d43b014694c478a2c195c11a3c03fn.jpg\" src=\"data:image\/gif;base64,R0lGODlhAQABAAAAACH5BAEKAAEALAAAAAABAAEAAAICTAEAOw==\" \/><img decoding=\"async\" class=\"img-responsive lazyload\" data-src=\"https:\/\/ae-pic-a1.aliexpress-media.com\/kf\/S3c356b1e46474a53855fc59118ca590bE.jpg\" src=\"data:image\/gif;base64,R0lGODlhAQABAAAAACH5BAEKAAEALAAAAAABAAEAAAICTAEAOw==\" \/><img decoding=\"async\" class=\"img-responsive lazyload\" data-src=\"https:\/\/ae-pic-a1.aliexpress-media.com\/kf\/S1c498565839f4680992a3565af637123d.jpg\" src=\"data:image\/gif;base64,R0lGODlhAQABAAAAACH5BAEKAAEALAAAAAABAAEAAAICTAEAOw==\" \/><img decoding=\"async\" class=\"img-responsive lazyload\" data-src=\"https:\/\/ae-pic-a1.aliexpress-media.com\/kf\/Sbb4c88495e364ce8b040f1e59651f8b3N.jpg\" src=\"data:image\/gif;base64,R0lGODlhAQABAAAAACH5BAEKAAEALAAAAAABAAEAAAICTAEAOw==\" \/><img decoding=\"async\" class=\"img-responsive lazyload\" data-src=\"https:\/\/ae-pic-a1.aliexpress-media.com\/kf\/S1b0bff32baea4c5e864c8f1b75a1b69aI.jpg\" src=\"data:image\/gif;base64,R0lGODlhAQABAAAAACH5BAEKAAEALAAAAAABAAEAAAICTAEAOw==\" \/><img decoding=\"async\" class=\"img-responsive lazyload\" data-src=\"https:\/\/ae-pic-a1.aliexpress-media.com\/kf\/Sb047ccb9572e45b29d7df9fbc6f537d2f.jpg\" src=\"data:image\/gif;base64,R0lGODlhAQABAAAAACH5BAEKAAEALAAAAAABAAEAAAICTAEAOw==\" \/><img decoding=\"async\" class=\"img-responsive lazyload\" data-src=\"https:\/\/ae-pic-a1.aliexpress-media.com\/kf\/S19586faead674b3aae64ab7dc279a857E.jpg\" src=\"data:image\/gif;base64,R0lGODlhAQABAAAAACH5BAEKAAEALAAAAAABAAEAAAICTAEAOw==\" \/><img decoding=\"async\" class=\"img-responsive lazyload\" data-src=\"https:\/\/ae-pic-a1.aliexpress-media.com\/kf\/S43762ab620c5496fb8d9e9b5c429c40bW.jpg\" src=\"data:image\/gif;base64,R0lGODlhAQABAAAAACH5BAEKAAEALAAAAAABAAEAAAICTAEAOw==\" \/><img decoding=\"async\" class=\"img-responsive lazyload\" data-src=\"https:\/\/ae-pic-a1.aliexpress-media.com\/kf\/S9645413ae59e4d479a115a996987a25aq.jpg\" src=\"data:image\/gif;base64,R0lGODlhAQABAAAAACH5BAEKAAEALAAAAAABAAEAAAICTAEAOw==\" \/><img decoding=\"async\" class=\"img-responsive lazyload\" data-src=\"https:\/\/ae-pic-a1.aliexpress-media.com\/kf\/Sb29e419c8fbe45c48501d3cccb3dd3c6s.jpg\" src=\"data:image\/gif;base64,R0lGODlhAQABAAAAACH5BAEKAAEALAAAAAABAAEAAAICTAEAOw==\" \/><img decoding=\"async\" class=\"img-responsive lazyload\" data-src=\"https:\/\/ae-pic-a1.aliexpress-media.com\/kf\/S6303a75b58324405b4aa546b6e70e2b2L.jpg\" src=\"data:image\/gif;base64,R0lGODlhAQABAAAAACH5BAEKAAEALAAAAAABAAEAAAICTAEAOw==\" \/><img decoding=\"async\" class=\"img-responsive lazyload\" data-src=\"https:\/\/ae-pic-a1.aliexpress-media.com\/kf\/Sbe153bba34704619871b5221cd62ba85n.jpg\" src=\"data:image\/gif;base64,R0lGODlhAQABAAAAACH5BAEKAAEALAAAAAABAAEAAAICTAEAOw==\" \/><img decoding=\"async\" class=\"img-responsive lazyload\" data-src=\"https:\/\/ae-pic-a1.aliexpress-media.com\/kf\/S9dcbea69e27d4f49aa843d12ddb940b3t.jpg\" src=\"data:image\/gif;base64,R0lGODlhAQABAAAAACH5BAEKAAEALAAAAAABAAEAAAICTAEAOw==\" \/><img decoding=\"async\" class=\"img-responsive lazyload\" data-src=\"https:\/\/ae-pic-a1.aliexpress-media.com\/kf\/S5aeeb89989b94a99ab7585b798b61899V.jpg\" src=\"data:image\/gif;base64,R0lGODlhAQABAAAAACH5BAEKAAEALAAAAAABAAEAAAICTAEAOw==\" \/><img decoding=\"async\" class=\"img-responsive lazyload\" data-src=\"https:\/\/ae-pic-a1.aliexpress-media.com\/kf\/S7bbbe1d15c5c4c199f1cba981fcde1f9H.jpg\" src=\"data:image\/gif;base64,R0lGODlhAQABAAAAACH5BAEKAAEALAAAAAABAAEAAAICTAEAOw==\" \/><img decoding=\"async\" class=\"img-responsive lazyload\" data-src=\"https:\/\/ae-pic-a1.aliexpress-media.com\/kf\/S95e71b187b6147e182766f9927d94e4bM.jpg\" src=\"data:image\/gif;base64,R0lGODlhAQABAAAAACH5BAEKAAEALAAAAAABAAEAAAICTAEAOw==\" \/><img decoding=\"async\" class=\"img-responsive lazyload\" data-src=\"https:\/\/ae-pic-a1.aliexpress-media.com\/kf\/S88b37574448545e794cfaa61abd07c745.jpg\" src=\"data:image\/gif;base64,R0lGODlhAQABAAAAACH5BAEKAAEALAAAAAABAAEAAAICTAEAOw==\" \/><img decoding=\"async\" class=\"img-responsive lazyload\" data-src=\"https:\/\/ae-pic-a1.aliexpress-media.com\/kf\/Se11d6a9076ca4cb898e1bda4e5f10b760.jpg\" src=\"data:image\/gif;base64,R0lGODlhAQABAAAAACH5BAEKAAEALAAAAAABAAEAAAICTAEAOw==\" \/><\/p>\n","protected":false},"excerpt":{"rendered":"<p>Aviso: Estimado comprador, es solo el chaleco \u00a1es sin cilindro de gas CO2!! Por favor compre un cilindro de gas [&hellip;]<\/p>\n","protected":false},"featured_media":5124,"template":"","meta":{"_acf_changed":false,"site-sidebar-layout":"default","site-content-layout":"","ast-site-content-layout":"default","site-content-style":"default","site-sidebar-style":"default","ast-global-header-display":"","ast-banner-title-visibility":"","ast-main-header-display":"","ast-hfb-above-header-display":"","ast-hfb-below-header-display":"","ast-hfb-mobile-header-display":"","site-post-title":"","ast-breadcrumbs-content":"","ast-featured-img":"","footer-sml-layout":"","ast-disable-related-posts":"","theme-transparent-header-meta":"default","adv-header-id-meta":"","stick-header-meta":"","header-above-stick-meta":"","header-main-stick-meta":"","header-below-stick-meta":"","astra-migrate-meta-layouts":"set","ast-page-background-enabled":"default","ast-page-background-meta":{"desktop":{"background-color":"var(--ast-global-color-5)","background-image":"","background-repeat":"repeat","background-position":"center center","background-size":"auto","background-attachment":"scroll","background-type":"","background-media":"","overlay-type":"","overlay-color":"","overlay-opacity":"","overlay-gradient":""},"tablet":{"background-color":"","background-image":"","background-repeat":"repeat","background-position":"center center","background-size":"auto","background-attachment":"scroll","background-type":"","background-media":"","overlay-type":"","overlay-color":"","overlay-opacity":"","overlay-gradient":""},"mobile":{"background-color":"","background-image":"","background-repeat":"repeat","background-position":"center center","background-size":"auto","background-attachment":"scroll","background-type":"","background-media":"","overlay-type":"","overlay-color":"","overlay-opacity":"","overlay-gradient":""}},"ast-content-background-meta":{"desktop":{"background-color":"var(--ast-global-color-4)","background-image":"","background-repeat":"repeat","background-position":"center center","background-size":"auto","background-attachment":"scroll","background-type":"","background-media":"","overlay-type":"","overlay-color":"","overlay-opacity":"","overlay-gradient":""},"tablet":{"background-color":"var(--ast-global-color-4)","background-image":"","background-repeat":"repeat","background-position":"center center","background-size":"auto","background-attachment":"scroll","background-type":"","background-media":"","overlay-type":"","overlay-color":"","overlay-opacity":"","overlay-gradient":""},"mobile":{"background-color":"var(--ast-global-color-4)","background-image":"","background-repeat":"repeat","background-position":"center center","background-size":"auto","background-attachment":"scroll","background-type":"","background-media":"","overlay-type":"","overlay-color":"","overlay-opacity":"","overlay-gradient":""}}},"product_brand":[],"product_cat":[355,353,15],"product_tag":[],"class_list":{"0":"post-4730","1":"product","2":"type-product","3":"status-publish","4":"has-post-thumbnail","6":"product_cat-moto-accesorios","7":"product_cat-motos","8":"product_cat-uncategorized","9":"pa_color-hq-003bk","10":"pa_color-hq-003fg","11":"pa_color-hq-1-2bk","12":"pa_color-hq-1-2fg","13":"pa_color-hq-1bbk","14":"pa_color-hq-1bfg","15":"pa_color-hq-1zbk","16":"pa_color-hq-1zfg","17":"pa_tamano-l","18":"pa_tamano-m","19":"pa_tamano-s","20":"pa_tamano-xl","21":"pa_tamano-xxl","22":"pa_tamano-xxxl","23":"desktop-align-left","24":"tablet-align-left","25":"mobile-align-left","27":"first","28":"instock","29":"shipping-taxable","30":"purchasable","31":"product-type-variable"},"acf":[],"_links":{"self":[{"href":"https:\/\/24hdinamica.com\/dinamica\/wp-json\/wp\/v2\/product\/4730","targetHints":{"allow":["GET"]}}],"collection":[{"href":"https:\/\/24hdinamica.com\/dinamica\/wp-json\/wp\/v2\/product"}],"about":[{"href":"https:\/\/24hdinamica.com\/dinamica\/wp-json\/wp\/v2\/types\/product"}],"wp:featuredmedia":[{"embeddable":true,"href":"https:\/\/24hdinamica.com\/dinamica\/wp-json\/wp\/v2\/media\/5124"}],"wp:attachment":[{"href":"https:\/\/24hdinamica.com\/dinamica\/wp-json\/wp\/v2\/media?parent=4730"}],"wp:term":[{"taxonomy":"product_brand","embeddable":true,"href":"https:\/\/24hdinamica.com\/dinamica\/wp-json\/wp\/v2\/product_brand?post=4730"},{"taxonomy":"product_cat","embeddable":true,"href":"https:\/\/24hdinamica.com\/dinamica\/wp-json\/wp\/v2\/product_cat?post=4730"},{"taxonomy":"product_tag","embeddable":true,"href":"https:\/\/24hdinamica.com\/dinamica\/wp-json\/wp\/v2\/product_tag?post=4730"}],"curies":[{"name":"wp","href":"https:\/\/api.w.org\/{rel}","templated":true}]}}