{"id":5682,"date":"2025-05-20T22:20:16","date_gmt":"2025-05-20T22:20:16","guid":{"rendered":"https:\/\/24hdinamica.com\/dinamica\/?post_type=product&#038;p=5682"},"modified":"2025-06-19T19:17:02","modified_gmt":"2025-06-19T19:17:02","slug":"vevor-soporte-de-tv-movil-con-ruedas-soporte-de-tv-ajustable-en-altura-bandeja-doble-para-dispositivos-auditivos-soporte-de-tv-rodante-para-dormitorio","status":"publish","type":"product","link":"https:\/\/24hdinamica.com\/dinamica\/producto\/vevor-soporte-de-tv-movil-con-ruedas-soporte-de-tv-ajustable-en-altura-bandeja-doble-para-dispositivos-auditivos-soporte-de-tv-rodante-para-dormitorio\/","title":{"rendered":"Soporte de TV m\u00f3vil con ruedas, ajustable en altura, bandeja doble para dispositivos auditivos"},"content":{"rendered":"<div class=\"title--wrap--NWOaiSp description--title--NMh4UiD\">\n<div class=\"title--text--Otu0bLr\">\n<h2 class=\"title--title--O6xcB1q\" data-spm-anchor-id=\"a2g0o.detail.0.i14.1cb5NdvjNdvjtz\">Descripci\u00f3n<\/h2>\n<\/div>\n<\/div>\n<div class=\"extend--wrap--yXwoDbO\">\n<div class=\"extend--content--VuIQZia\">\n<div>\n<div id=\"product-description\" class=\"description--product-description--Mjtql28\" data-spm=\"1000023\" data-pl=\"product-description\">\n<div class=\"description--origin-part--rWy05pE\">\n<article class=\"lzd-article\">Soporte de Pared para Televisor TV 26-65 Universal Giratorio inclinable Pantallas Planas y Curvas con Doble Brazo 40kg 400x400mm<\/p>\n<p>Soporte de Pared Universal para TV de Doble Brazo: El soporte TV brazo largo de movimiento completo deslizante se adapta a la mayor\u00eda de los televisores planos o curvos de 26 hasta 65 pulgadas de hasta 56kg, patrones de montaje VESA 100&#215;100 hasta 400x400mm. Dise\u00f1o Centrado Perfecto: Soporte TV de Pared de montaje con dise\u00f1o deslizante que puede deslizar su TV 228mm izquierda o derecha para la colocaci\u00f3n perfecta de TV horizontalmente. Independientemente de donde sus montantes son, usted puede conseguir su televisor centrado.<\/p>\n<p>Soporte de Pared para TV de Larga Extensi\u00f3n: Este soporte de TV giratorio con brazos articulados dobles se extiende hasta 370mm desde la pared maximizando sus puntos de vista desde una variedad de \u00e1ngulos en m\u00faltiples habitaciones. Se retrae a 65mm de la pared para ahorrar espacio valioso y hacer que su casa se vea ordenada. Soporte Pared TV de Construcci\u00f3n Resistente: Hecho con alta calidad de construcci\u00f3n de acero al carbono de alta resistencia con doble articulaci\u00f3n 6 de apoyo. Le permite conectar el televisor con confianza y el buen funcionamiento del voladizo de dos v\u00edas son permite perfectamente posicionamiento de la TV en una gama infinita de posiciones de visualizaci\u00f3n.<\/p>\n<p><span data-spm-anchor-id=\"a2g0o.detail.1000023.i0.1cb5NdvjNdvjtz\">Movimiento completo y f\u00e1cil instalaci\u00f3n: Extienda, articule, incline, gire, nivele y pliegue este soporte de pared para TV de largo alcance. Carga m\u00e1xima: 40 kg Inclinaci\u00f3n vertical: +8\u00b0 a -12\u00b0 Orientaci\u00f3n m\u00e1xima derecha-izquierda: 120\u00b0 Ajuste del nivel: +3\u00b0 a -3\u00b0 Distancia m\u00ednima entre la pared y el televisor: 65 mm Distancia m\u00e1xima entre la pared y el televisor: 370 mm Compatible con la norma VESA: 100\u00d7100, 100\u00d7150, 100\u00d7200, 150\u00d7100, 150\u00d7150, 200\u00d7100, 200\u00d7200, 200\u00d7300, 200\u00d7400, 300\u00d7100, 300\u00d7200, 300\u00d7300, 300\u00d7400, 400\u00d7200, 400\u00d7300, 400\u00d7400<\/span><\/p>\n<\/article>\n<\/div>\n<\/div>\n<\/div>\n<\/div>\n<\/div>\n","protected":false},"excerpt":{"rendered":"<p>Descripci\u00f3n Soporte de Pared para Televisor TV 26-65 Universal Giratorio inclinable Pantallas Planas y Curvas con Doble Brazo 40kg 400x400mm [&hellip;]<\/p>\n","protected":false},"featured_media":5681,"template":"","meta":{"_acf_changed":false,"site-sidebar-layout":"default","site-content-layout":"","ast-site-content-layout":"default","site-content-style":"default","site-sidebar-style":"default","ast-global-header-display":"","ast-banner-title-visibility":"","ast-main-header-display":"","ast-hfb-above-header-display":"","ast-hfb-below-header-display":"","ast-hfb-mobile-header-display":"","site-post-title":"","ast-breadcrumbs-content":"","ast-featured-img":"","footer-sml-layout":"","ast-disable-related-posts":"","theme-transparent-header-meta":"default","adv-header-id-meta":"","stick-header-meta":"","header-above-stick-meta":"","header-main-stick-meta":"","header-below-stick-meta":"","astra-migrate-meta-layouts":"set","ast-page-background-enabled":"default","ast-page-background-meta":{"desktop":{"background-color":"var(--ast-global-color-5)","background-image":"","background-repeat":"repeat","background-position":"center center","background-size":"auto","background-attachment":"scroll","background-type":"","background-media":"","overlay-type":"","overlay-color":"","overlay-opacity":"","overlay-gradient":""},"tablet":{"background-color":"","background-image":"","background-repeat":"repeat","background-position":"center center","background-size":"auto","background-attachment":"scroll","background-type":"","background-media":"","overlay-type":"","overlay-color":"","overlay-opacity":"","overlay-gradient":""},"mobile":{"background-color":"","background-image":"","background-repeat":"repeat","background-position":"center center","background-size":"auto","background-attachment":"scroll","background-type":"","background-media":"","overlay-type":"","overlay-color":"","overlay-opacity":"","overlay-gradient":""}},"ast-content-background-meta":{"desktop":{"background-color":"var(--ast-global-color-4)","background-image":"","background-repeat":"repeat","background-position":"center center","background-size":"auto","background-attachment":"scroll","background-type":"","background-media":"","overlay-type":"","overlay-color":"","overlay-opacity":"","overlay-gradient":""},"tablet":{"background-color":"var(--ast-global-color-4)","background-image":"","background-repeat":"repeat","background-position":"center center","background-size":"auto","background-attachment":"scroll","background-type":"","background-media":"","overlay-type":"","overlay-color":"","overlay-opacity":"","overlay-gradient":""},"mobile":{"background-color":"var(--ast-global-color-4)","background-image":"","background-repeat":"repeat","background-position":"center center","background-size":"auto","background-attachment":"scroll","background-type":"","background-media":"","overlay-type":"","overlay-color":"","overlay-opacity":"","overlay-gradient":""}}},"product_brand":[],"product_cat":[450,451,15],"product_tag":[],"class_list":{"0":"post-5682","1":"product","2":"type-product","3":"status-publish","4":"has-post-thumbnail","6":"product_cat-hogar","7":"product_cat-miscelaneos","8":"product_cat-uncategorized","9":"pa_color-23-60-in","10":"pa_color-32-70-in","11":"pa_ships-from-australia","12":"pa_ships-from-canada","13":"pa_ships-from-espana","14":"pa_ships-from-estados-unidos","15":"pa_ships-from-federacion-rusa","16":"pa_ships-from-francia","17":"pa_ships-from-germany","18":"pa_ships-from-mexico","19":"pa_ships-from-polonia","20":"pa_ships-from-reino-unido","21":"pa_ships-from-republica-checa","22":"desktop-align-left","23":"tablet-align-left","24":"mobile-align-left","26":"first","27":"instock","28":"shipping-taxable","29":"purchasable","30":"product-type-variable"},"acf":[],"_links":{"self":[{"href":"https:\/\/24hdinamica.com\/dinamica\/wp-json\/wp\/v2\/product\/5682","targetHints":{"allow":["GET"]}}],"collection":[{"href":"https:\/\/24hdinamica.com\/dinamica\/wp-json\/wp\/v2\/product"}],"about":[{"href":"https:\/\/24hdinamica.com\/dinamica\/wp-json\/wp\/v2\/types\/product"}],"wp:featuredmedia":[{"embeddable":true,"href":"https:\/\/24hdinamica.com\/dinamica\/wp-json\/wp\/v2\/media\/5681"}],"wp:attachment":[{"href":"https:\/\/24hdinamica.com\/dinamica\/wp-json\/wp\/v2\/media?parent=5682"}],"wp:term":[{"taxonomy":"product_brand","embeddable":true,"href":"https:\/\/24hdinamica.com\/dinamica\/wp-json\/wp\/v2\/product_brand?post=5682"},{"taxonomy":"product_cat","embeddable":true,"href":"https:\/\/24hdinamica.com\/dinamica\/wp-json\/wp\/v2\/product_cat?post=5682"},{"taxonomy":"product_tag","embeddable":true,"href":"https:\/\/24hdinamica.com\/dinamica\/wp-json\/wp\/v2\/product_tag?post=5682"}],"curies":[{"name":"wp","href":"https:\/\/api.w.org\/{rel}","templated":true}]}}