{"id":5756,"date":"2025-05-24T11:44:37","date_gmt":"2025-05-24T11:44:37","guid":{"rendered":"https:\/\/24hdinamica.com\/dinamica\/?post_type=product&#038;p=5756"},"modified":"2025-06-07T17:58:16","modified_gmt":"2025-06-07T17:58:16","slug":"frigorifico-refrigerador-servicios","status":"publish","type":"product","link":"https:\/\/24hdinamica.com\/dinamica\/producto\/frigorifico-refrigerador-servicios\/","title":{"rendered":"Frigorificos &#8211; Refrigeradores &#8211; Servicios"},"content":{"rendered":"<div class=\"sc-835d3f28-0 vQekK\">\n<div class=\"sc-a06385e1-0 bYhcYE\">\n<h2 id=\"\u00bfQu\u00e9 incluye la instalaci\u00f3n de lavavajillas?\" class=\"sc-d571b66f-0 jeCwMq sc-c5a51742-1 fJNglT\">Montaje de frigor\u00edfico<\/h2>\n<\/div>\n<\/div>\n<div class=\"sc-835d3f28-0 vQekK\">\n<div class=\"sc-a06385e1-0 bYhcYE\">\n<div class=\"sc-835d3f28-0 vQekK sc-c5a51742-0 gxkBts\">\n<article class=\"sc-a06385e1-0 bYhcYE sc-68b91a9c-4 kuUh\">\n<div class=\"sc-39ef11c1-2 kizmql\"><\/div>\n<div class=\"sc-68b91a9c-0 igWFex\">\n<div class=\"sc-1780adde-0 duVaHP\">\n<ul class=\"sc-f711a4fe-0 iBkZrN\" role=\"list\">\n<li class=\"sc-d571b66f-0 htKvVi\">Montaje en mueble.<\/li>\n<li class=\"sc-d571b66f-0 htKvVi\">Conexi\u00f3n a red.<\/li>\n<li class=\"sc-d571b66f-0 htKvVi\">Puesta en funcionamiento.<\/li>\n<\/ul>\n<h3 class=\"sc-d571b66f-0 lJyGD\">Desmontaje y montaje de puertas en Frigor\u00edfico americano<\/h3>\n<h3 class=\"sc-d571b66f-0 lJyGD\">Cambio sentido puerta del frigor\u00edfico<\/h3>\n<\/div>\n<\/div>\n<\/article>\n<\/div>\n<p>&nbsp;<\/p>\n<p>Atendemos todos los dias de la semana de Lunes a S\u00e1bado, Consulte horarios disponibles desde el boton del Chat de WhatsApp<\/p>\n<\/div>\n<\/div>\n","protected":false},"excerpt":{"rendered":"<p>Montaje de frigor\u00edfico Montaje en mueble. Conexi\u00f3n a red. Puesta en funcionamiento. Desmontaje y montaje de puertas en Frigor\u00edfico americano [&hellip;]<\/p>\n","protected":false},"featured_media":5763,"template":"","meta":{"_acf_changed":false,"site-sidebar-layout":"default","site-content-layout":"","ast-site-content-layout":"default","site-content-style":"default","site-sidebar-style":"default","ast-global-header-display":"","ast-banner-title-visibility":"","ast-main-header-display":"","ast-hfb-above-header-display":"","ast-hfb-below-header-display":"","ast-hfb-mobile-header-display":"","site-post-title":"","ast-breadcrumbs-content":"","ast-featured-img":"","footer-sml-layout":"","ast-disable-related-posts":"","theme-transparent-header-meta":"default","adv-header-id-meta":"","stick-header-meta":"","header-above-stick-meta":"","header-main-stick-meta":"","header-below-stick-meta":"","astra-migrate-meta-layouts":"set","ast-page-background-enabled":"default","ast-page-background-meta":{"desktop":{"background-color":"var(--ast-global-color-5)","background-image":"","background-repeat":"repeat","background-position":"center center","background-size":"auto","background-attachment":"scroll","background-type":"","background-media":"","overlay-type":"","overlay-color":"","overlay-opacity":"","overlay-gradient":""},"tablet":{"background-color":"","background-image":"","background-repeat":"repeat","background-position":"center center","background-size":"auto","background-attachment":"scroll","background-type":"","background-media":"","overlay-type":"","overlay-color":"","overlay-opacity":"","overlay-gradient":""},"mobile":{"background-color":"","background-image":"","background-repeat":"repeat","background-position":"center center","background-size":"auto","background-attachment":"scroll","background-type":"","background-media":"","overlay-type":"","overlay-color":"","overlay-opacity":"","overlay-gradient":""}},"ast-content-background-meta":{"desktop":{"background-color":"var(--ast-global-color-4)","background-image":"","background-repeat":"repeat","background-position":"center center","background-size":"auto","background-attachment":"scroll","background-type":"","background-media":"","overlay-type":"","overlay-color":"","overlay-opacity":"","overlay-gradient":""},"tablet":{"background-color":"var(--ast-global-color-4)","background-image":"","background-repeat":"repeat","background-position":"center center","background-size":"auto","background-attachment":"scroll","background-type":"","background-media":"","overlay-type":"","overlay-color":"","overlay-opacity":"","overlay-gradient":""},"mobile":{"background-color":"var(--ast-global-color-4)","background-image":"","background-repeat":"repeat","background-position":"center center","background-size":"auto","background-attachment":"scroll","background-type":"","background-media":"","overlay-type":"","overlay-color":"","overlay-opacity":"","overlay-gradient":""}}},"product_brand":[],"product_cat":[575,551,15],"product_tag":[],"class_list":{"0":"post-5756","1":"product","2":"type-product","3":"status-publish","4":"has-post-thumbnail","6":"product_cat-frigorificos","7":"product_cat-servicios","8":"product_cat-uncategorized","9":"desktop-align-left","10":"tablet-align-left","11":"mobile-align-left","13":"first","14":"onbackorder","15":"sale","16":"shipping-taxable","17":"purchasable","18":"product-type-variable"},"acf":[],"_links":{"self":[{"href":"https:\/\/24hdinamica.com\/dinamica\/wp-json\/wp\/v2\/product\/5756","targetHints":{"allow":["GET"]}}],"collection":[{"href":"https:\/\/24hdinamica.com\/dinamica\/wp-json\/wp\/v2\/product"}],"about":[{"href":"https:\/\/24hdinamica.com\/dinamica\/wp-json\/wp\/v2\/types\/product"}],"wp:featuredmedia":[{"embeddable":true,"href":"https:\/\/24hdinamica.com\/dinamica\/wp-json\/wp\/v2\/media\/5763"}],"wp:attachment":[{"href":"https:\/\/24hdinamica.com\/dinamica\/wp-json\/wp\/v2\/media?parent=5756"}],"wp:term":[{"taxonomy":"product_brand","embeddable":true,"href":"https:\/\/24hdinamica.com\/dinamica\/wp-json\/wp\/v2\/product_brand?post=5756"},{"taxonomy":"product_cat","embeddable":true,"href":"https:\/\/24hdinamica.com\/dinamica\/wp-json\/wp\/v2\/product_cat?post=5756"},{"taxonomy":"product_tag","embeddable":true,"href":"https:\/\/24hdinamica.com\/dinamica\/wp-json\/wp\/v2\/product_tag?post=5756"}],"curies":[{"name":"wp","href":"https:\/\/api.w.org\/{rel}","templated":true}]}}