{"id":6479,"date":"2026-02-06T22:58:48","date_gmt":"2026-02-06T22:58:48","guid":{"rendered":"https:\/\/24hdinamica.com\/dinamica\/?post_type=product&#038;p=6479"},"modified":"2026-02-10T23:55:23","modified_gmt":"2026-02-10T23:55:23","slug":"magnetotermicos-servicio-reemplazo-sustitucion-cambio","status":"publish","type":"product","link":"https:\/\/24hdinamica.com\/dinamica\/producto\/magnetotermicos-servicio-reemplazo-sustitucion-cambio\/","title":{"rendered":"Magnetot\u00e9rmicos servicio (reemplazo &#8211; sustituci\u00f3n &#8211; cambio)"},"content":{"rendered":"<h3 data-start=\"281\" data-end=\"334\">Magnetot\u00e9rmicos servicio (reemplazo &#8211; sustituci\u00f3n &#8211; cambio)<\/h3>\n<p data-start=\"335\" data-end=\"361\">Los autom\u00e1ticos t\u00edpicos<\/p>\n<p data-start=\"363\" data-end=\"410\"><strong data-start=\"363\" data-end=\"391\">Los precios son s\u00f3lo por Mano de obra por unidad (no esta incluido el recambio , ni el desplazamiento)<\/strong><\/p>\n<p data-start=\"363\" data-end=\"410\"><img fetchpriority=\"high\" decoding=\"async\" class=\"alignnone size-medium wp-image-6505\" src=\"https:\/\/24hdinamica.com\/dinamica\/wp-content\/uploads\/2026\/02\/magnetotermico_002-300x300.jpg\" alt=\"\" width=\"300\" height=\"300\" srcset=\"https:\/\/24hdinamica.com\/dinamica\/wp-content\/uploads\/2026\/02\/magnetotermico_002-300x300.jpg 300w, https:\/\/24hdinamica.com\/dinamica\/wp-content\/uploads\/2026\/02\/magnetotermico_002-150x150.jpg 150w, https:\/\/24hdinamica.com\/dinamica\/wp-content\/uploads\/2026\/02\/magnetotermico_002-100x100.jpg 100w, https:\/\/24hdinamica.com\/dinamica\/wp-content\/uploads\/2026\/02\/magnetotermico_002.jpg 325w\" sizes=\"(max-width: 300px) 100vw, 300px\" \/><\/p>\n<p data-start=\"363\" data-end=\"410\"><img decoding=\"async\" class=\"alignnone wp-image-6484 size-full lazyload\" data-src=\"https:\/\/24hdinamica.com\/dinamica\/wp-content\/uploads\/2026\/02\/magnetotermico_001.jpg\" alt=\"\" width=\"911\" height=\"325\" data-srcset=\"https:\/\/24hdinamica.com\/dinamica\/wp-content\/uploads\/2026\/02\/magnetotermico_001.jpg 911w, https:\/\/24hdinamica.com\/dinamica\/wp-content\/uploads\/2026\/02\/magnetotermico_001-300x107.jpg 300w, https:\/\/24hdinamica.com\/dinamica\/wp-content\/uploads\/2026\/02\/magnetotermico_001-768x274.jpg 768w, https:\/\/24hdinamica.com\/dinamica\/wp-content\/uploads\/2026\/02\/magnetotermico_001-600x214.jpg 600w\" data-sizes=\"(max-width: 911px) 100vw, 911px\" src=\"data:image\/gif;base64,R0lGODlhAQABAAAAACH5BAEKAAEALAAAAAABAAEAAAICTAEAOw==\" style=\"--smush-placeholder-width: 911px; --smush-placeholder-aspect-ratio: 911\/325;\" \/><\/p>\n","protected":false},"excerpt":{"rendered":"<p>Magnetot\u00e9rmicos servicio (reemplazo &#8211; sustituci\u00f3n &#8211; cambio) Los autom\u00e1ticos t\u00edpicos Los precios son s\u00f3lo por Mano de obra por unidad [&hellip;]<\/p>\n","protected":false},"featured_media":6505,"template":"","meta":{"_acf_changed":false,"site-sidebar-layout":"default","site-content-layout":"","ast-site-content-layout":"default","site-content-style":"default","site-sidebar-style":"default","ast-global-header-display":"","ast-banner-title-visibility":"","ast-main-header-display":"","ast-hfb-above-header-display":"","ast-hfb-below-header-display":"","ast-hfb-mobile-header-display":"","site-post-title":"","ast-breadcrumbs-content":"","ast-featured-img":"","footer-sml-layout":"","ast-disable-related-posts":"","theme-transparent-header-meta":"default","adv-header-id-meta":"","stick-header-meta":"","header-above-stick-meta":"","header-main-stick-meta":"","header-below-stick-meta":"","astra-migrate-meta-layouts":"set","ast-page-background-enabled":"default","ast-page-background-meta":{"desktop":{"background-color":"var(--ast-global-color-5)","background-image":"","background-repeat":"repeat","background-position":"center center","background-size":"auto","background-attachment":"scroll","background-type":"","background-media":"","overlay-type":"","overlay-color":"","overlay-opacity":"","overlay-gradient":""},"tablet":{"background-color":"","background-image":"","background-repeat":"repeat","background-position":"center center","background-size":"auto","background-attachment":"scroll","background-type":"","background-media":"","overlay-type":"","overlay-color":"","overlay-opacity":"","overlay-gradient":""},"mobile":{"background-color":"","background-image":"","background-repeat":"repeat","background-position":"center center","background-size":"auto","background-attachment":"scroll","background-type":"","background-media":"","overlay-type":"","overlay-color":"","overlay-opacity":"","overlay-gradient":""}},"ast-content-background-meta":{"desktop":{"background-color":"var(--ast-global-color-4)","background-image":"","background-repeat":"repeat","background-position":"center center","background-size":"auto","background-attachment":"scroll","background-type":"","background-media":"","overlay-type":"","overlay-color":"","overlay-opacity":"","overlay-gradient":""},"tablet":{"background-color":"var(--ast-global-color-4)","background-image":"","background-repeat":"repeat","background-position":"center center","background-size":"auto","background-attachment":"scroll","background-type":"","background-media":"","overlay-type":"","overlay-color":"","overlay-opacity":"","overlay-gradient":""},"mobile":{"background-color":"var(--ast-global-color-4)","background-image":"","background-repeat":"repeat","background-position":"center center","background-size":"auto","background-attachment":"scroll","background-type":"","background-media":"","overlay-type":"","overlay-color":"","overlay-opacity":"","overlay-gradient":""}}},"product_brand":[],"product_cat":[616,551],"product_tag":[],"class_list":{"0":"post-6479","1":"product","2":"type-product","3":"status-publish","4":"has-post-thumbnail","6":"product_cat-recambios","7":"product_cat-servicios","8":"desktop-align-left","9":"tablet-align-left","10":"mobile-align-left","12":"first","13":"instock","14":"shipping-taxable","15":"purchasable","16":"product-type-variable"},"acf":[],"_links":{"self":[{"href":"https:\/\/24hdinamica.com\/dinamica\/wp-json\/wp\/v2\/product\/6479","targetHints":{"allow":["GET"]}}],"collection":[{"href":"https:\/\/24hdinamica.com\/dinamica\/wp-json\/wp\/v2\/product"}],"about":[{"href":"https:\/\/24hdinamica.com\/dinamica\/wp-json\/wp\/v2\/types\/product"}],"wp:featuredmedia":[{"embeddable":true,"href":"https:\/\/24hdinamica.com\/dinamica\/wp-json\/wp\/v2\/media\/6505"}],"wp:attachment":[{"href":"https:\/\/24hdinamica.com\/dinamica\/wp-json\/wp\/v2\/media?parent=6479"}],"wp:term":[{"taxonomy":"product_brand","embeddable":true,"href":"https:\/\/24hdinamica.com\/dinamica\/wp-json\/wp\/v2\/product_brand?post=6479"},{"taxonomy":"product_cat","embeddable":true,"href":"https:\/\/24hdinamica.com\/dinamica\/wp-json\/wp\/v2\/product_cat?post=6479"},{"taxonomy":"product_tag","embeddable":true,"href":"https:\/\/24hdinamica.com\/dinamica\/wp-json\/wp\/v2\/product_tag?post=6479"}],"curies":[{"name":"wp","href":"https:\/\/api.w.org\/{rel}","templated":true}]}}